{"id":60091,"date":"2026-04-23T01:18:28","date_gmt":"2026-04-22T22:18:28","guid":{"rendered":"https:\/\/rezekne.citro.lv\/veikals\/tual-papirs-zewa-deluxe-pure-white-3kart-4rulli-2\/"},"modified":"2026-04-23T01:18:30","modified_gmt":"2026-04-22T22:18:30","slug":"tual-papirs-zewa-deluxe-pure-white-3kart-4rulli-2","status":"publish","type":"product","link":"https:\/\/rezekne.citro.lv\/ru\/product\/tual-papirs-zewa-deluxe-pure-white-3kart-4rulli-2\/","title":{"rendered":"TUAL.PAP\u012aRS ZEWA DELUXE PURE WHITE 3K\u0100RT. 4RU\u013b\u013bI"},"content":{"rendered":"","protected":false},"excerpt":{"rendered":"<p>0.55 \u20ac\/GAB<\/p>\n","protected":false},"featured_media":41799,"template":"","meta":{"_acf_changed":false,"inline_featured_image":false},"product_cat":[131,163],"product_tag":[],"acf":[],"aioseo_notices":[],"_links":{"self":[{"href":"https:\/\/rezekne.citro.lv\/ru\/wp-json\/wp\/v2\/product\/60091"}],"collection":[{"href":"https:\/\/rezekne.citro.lv\/ru\/wp-json\/wp\/v2\/product"}],"about":[{"href":"https:\/\/rezekne.citro.lv\/ru\/wp-json\/wp\/v2\/types\/product"}],"wp:featuredmedia":[{"embeddable":true,"href":"https:\/\/rezekne.citro.lv\/ru\/wp-json\/wp\/v2\/media\/41799"}],"wp:attachment":[{"href":"https:\/\/rezekne.citro.lv\/ru\/wp-json\/wp\/v2\/media?parent=60091"}],"wp:term":[{"taxonomy":"product_cat","embeddable":true,"href":"https:\/\/rezekne.citro.lv\/ru\/wp-json\/wp\/v2\/product_cat?post=60091"},{"taxonomy":"product_tag","embeddable":true,"href":"https:\/\/rezekne.citro.lv\/ru\/wp-json\/wp\/v2\/product_tag?post=60091"}],"curies":[{"name":"wp","href":"https:\/\/api.w.org\/{rel}","templated":true}]}}