{"id":60101,"date":"2026-04-23T00:45:50","date_gmt":"2026-04-22T21:45:50","guid":{"rendered":"https:\/\/rezekne.citro.lv\/veikals\/kucina-vecriga-citro-70g\/"},"modified":"2026-05-04T06:04:18","modified_gmt":"2026-05-04T03:04:18","slug":"kucina-vecriga-citro-70g","status":"publish","type":"product","link":"https:\/\/rezekne.citro.lv\/ru\/product\/kucina-vecriga-citro-70g\/","title":{"rendered":"K\u016aCI\u0145A VECR\u012aGA CITRO 70G"},"content":{"rendered":"<p>Izcelsmes valsts: Latvija<br \/>Sast\u0101vda\u013cas:\u016bdens:biezpiena masa t.s 12%((BIEZPIENA SIERS ar zemu t.s, augu tauki(palmu, kokosriekstu), S\u016aKALU PROTE\u012aNS, OLU BALTUMA prote\u012bni, stabilizators E1414, E1422, \u0161\u0137iedrvielas)): mais\u012bjums plauc\u0113tai m\u012bklai((KVIE\u0160U MILTU, kukur\u016bzas milti, kukur\u016bzas ciete, KVIE\u0160U ciete, OLU pulveris, S\u016aKALU pulveris, emulgators(S\u016aKALAS, E471, E475,E472b);modific\u0113ta ciete(kukur\u016bzas),  irdin\u0101t\u0101ji( E450, E500), jod\u0113ta s\u0101ls, kr\u0101sviela E160a)): konditorejas kr\u0113ms ar cukuru ((\u016bdens, piln\u012bgi hidrogen\u0113ta palmu kodolu e\u013c\u013ca25%, cukurs 12%, PIENA olbaltumvielas, emulgatori E472b, E322(SOJA), E 472e; stabiliz\u0113t\u0101ji: E460, E466, E340;aromatiz\u0113t\u0101js, kr\u0101sviela E160a)): saulespu\u0137u e\u013c\u013ca rafin\u0113ta: p\u016bdercukurs(cukurs): putukr\u0113juma stabilizators((cukurs, dekstroze, m\u012bkst\u0101 SIERA pulveris(KR\u0112JUMA pulveris, PIENA pulveris, S\u016aKALU olbaltumvielas, SIERA pulveris, s\u0101ls, stabiliz\u0113t\u0101js E415)), modific\u0113ta ciete:E1414, \u017eelat\u012bns, aromatiz\u0113t\u0101js PIENA, sk\u0101buma regul\u0113t\u0101js E330, s\u0101ls )): termostabils p\u016bdercukurs((dekstroze, KVIE\u0160U ciete, stabilizators E470a, augu tauki, aromatiz\u0113t\u0101js-vanil\u012bns):  Uzglab\u0101\u0161anas temperat\u016bra+2-+6C Inform\u0101cija par uzturv\u0113rt\u012bbu. 100 g produkta satur: ener\u0123\u0113tisk\u0101 v\u0113rt\u012bba 1019 kJ \/ 244kcal; tauki 15.5g, tostarp pies\u0101tin\u0101t\u0101s tauksk\u0101bes 6.7g; og\u013chidr\u0101ti 21.5g, tostarp cukuri 10.3g; \u0161\u0137iedrvielas 0g; olbaltumvielas 4.7g; s\u0101ls 0.4g.<\/p>\n","protected":false},"excerpt":{"rendered":"<p>11.29 \u20ac\/KG<\/p>\n","protected":false},"featured_media":72317,"template":"","meta":{"_acf_changed":false,"inline_featured_image":false},"product_cat":[109,110],"product_tag":[],"acf":[],"aioseo_notices":[],"_links":{"self":[{"href":"https:\/\/rezekne.citro.lv\/ru\/wp-json\/wp\/v2\/product\/60101"}],"collection":[{"href":"https:\/\/rezekne.citro.lv\/ru\/wp-json\/wp\/v2\/product"}],"about":[{"href":"https:\/\/rezekne.citro.lv\/ru\/wp-json\/wp\/v2\/types\/product"}],"wp:featuredmedia":[{"embeddable":true,"href":"https:\/\/rezekne.citro.lv\/ru\/wp-json\/wp\/v2\/media\/72317"}],"wp:attachment":[{"href":"https:\/\/rezekne.citro.lv\/ru\/wp-json\/wp\/v2\/media?parent=60101"}],"wp:term":[{"taxonomy":"product_cat","embeddable":true,"href":"https:\/\/rezekne.citro.lv\/ru\/wp-json\/wp\/v2\/product_cat?post=60101"},{"taxonomy":"product_tag","embeddable":true,"href":"https:\/\/rezekne.citro.lv\/ru\/wp-json\/wp\/v2\/product_tag?post=60101"}],"curies":[{"name":"wp","href":"https:\/\/api.w.org\/{rel}","templated":true}]}}