{"id":60103,"date":"2026-03-26T00:34:33","date_gmt":"2026-03-25T22:34:33","guid":{"rendered":"https:\/\/rezekne.citro.lv\/veikals\/huggies-autinbiksites-pants-d-jp-s4-biksit-boy-9-14kg-36gab\/"},"modified":"2026-03-26T00:34:35","modified_gmt":"2026-03-25T22:34:35","slug":"huggies-autinbiksites-pants-d-jp-s4-biksit-boy-9-14kg-36gab","status":"publish","type":"product","link":"https:\/\/rezekne.citro.lv\/ru\/product\/huggies-autinbiksites-pants-d-jp-s4-biksit-boy-9-14kg-36gab\/","title":{"rendered":"HUGGIES AUTI\u0145BIKS\u012aTES PANTS D JP S4 BIKS\u012aT.BOY 9-14KG 36GAB."},"content":{"rendered":"<p>Izcelsmes valsts: \u010cehija<\/p>\n","protected":false},"excerpt":{"rendered":"<p>0.44 \u20ac\/GAB<\/p>\n","protected":false},"featured_media":60911,"template":"","meta":{"_acf_changed":false,"inline_featured_image":false},"product_cat":[172,189],"product_tag":[],"acf":[],"aioseo_notices":[],"_links":{"self":[{"href":"https:\/\/rezekne.citro.lv\/ru\/wp-json\/wp\/v2\/product\/60103"}],"collection":[{"href":"https:\/\/rezekne.citro.lv\/ru\/wp-json\/wp\/v2\/product"}],"about":[{"href":"https:\/\/rezekne.citro.lv\/ru\/wp-json\/wp\/v2\/types\/product"}],"wp:featuredmedia":[{"embeddable":true,"href":"https:\/\/rezekne.citro.lv\/ru\/wp-json\/wp\/v2\/media\/60911"}],"wp:attachment":[{"href":"https:\/\/rezekne.citro.lv\/ru\/wp-json\/wp\/v2\/media?parent=60103"}],"wp:term":[{"taxonomy":"product_cat","embeddable":true,"href":"https:\/\/rezekne.citro.lv\/ru\/wp-json\/wp\/v2\/product_cat?post=60103"},{"taxonomy":"product_tag","embeddable":true,"href":"https:\/\/rezekne.citro.lv\/ru\/wp-json\/wp\/v2\/product_tag?post=60103"}],"curies":[{"name":"wp","href":"https:\/\/api.w.org\/{rel}","templated":true}]}}