{"id":60124,"date":"2025-09-07T00:02:01","date_gmt":"2025-09-06T21:02:01","guid":{"rendered":"https:\/\/rezekne.citro.lv\/veikals\/platsmaize-biezpiena-citro-sver\/"},"modified":"2026-04-10T09:00:15","modified_gmt":"2026-04-10T06:00:15","slug":"platsmaize-biezpiena-citro-sver","status":"publish","type":"product","link":"https:\/\/rezekne.citro.lv\/ru\/product\/platsmaize-biezpiena-citro-sver\/","title":{"rendered":"PL\u0100TSMAIZE BIEZPIENA  CITRO SVER ."},"content":{"rendered":"<p>Izcelsmes valsts: Latvija<br \/> Sast\u0101vda\u013cas:biezpiens(0.5%)-53.8%:smil\u0161u m\u012bkla{KVIE\u0160U MILTI, margar\u012bns bez hidrogen\u0113tiem taukiem ((augu e\u013c\u013cas (palmu, rap\u0161u), \u016bdens, emulgatori (E471-mono un glicer\u012bdi tauksk\u0101bju),s\u0101ls, sk\u0101buma regul\u0113t\u0101js -citronsk\u0101be, konservants- sorb\u0101ts k\u0101lija,aromatiz\u0113t\u0101js,p\u0101rtikas kr\u0101sviela E160a)): cukurs; OLAS;cepamais pulveris(irdin\u0101t\u0101ji:- difosf\u0101ti, n\u0101trija karbon\u0101ti , KVIE\u0160U milti)}: cukurs:OLAS: MANNA:roz\u012bnes(roz\u012bnes 99.5%, saulespu\u0137u e\u013c\u013ca, konservants:S\u0112RA DIOKS\u012aDS):: margar\u012bns bez hidrogen\u0113tiem taukiem {augu e\u013c\u013cas (palmu, rap\u0161u), \u016bdens, emulgatori (E471-mono un glicer\u012bdi tauksk\u0101bju),s\u0101ls, sk\u0101buma regul\u0113t\u0101js -citronsk\u0101be, konservants- sorb\u0101ts k\u0101lija,aromatiz\u0113t\u0101js,p\u0101rtikas kr\u0101sviela E160a}: KVIE\u0160U \u0160\u0136IEDRAS. Uzglab\u0101\u0161anas temperat\u016bra,+2-+6C Inform\u0101cija par uzturv\u0113rt\u012bbu: 100 g produkta satur: ener\u0123\u0113tisk\u0101 v\u0113rt\u012bba 878 kJ \/ 209kcal; tauki 7.6g, tostarp pies\u0101tin\u0101t\u0101s tauksk\u0101bes 3g; og\u013chidr\u0101ti 26.1g, tostarp cukuri 16.1g; \u0161\u0137iedrvielas 0.6g; olbaltumvielas 8.7g; s\u0101ls 0.2g.<\/p>\n","protected":false},"excerpt":{"rendered":"<p>8.49 \u20ac\/KG<\/p>\n","protected":false},"featured_media":61007,"template":"","meta":{"_acf_changed":false,"inline_featured_image":false},"product_cat":[109,110],"product_tag":[],"acf":[],"aioseo_notices":[],"_links":{"self":[{"href":"https:\/\/rezekne.citro.lv\/ru\/wp-json\/wp\/v2\/product\/60124"}],"collection":[{"href":"https:\/\/rezekne.citro.lv\/ru\/wp-json\/wp\/v2\/product"}],"about":[{"href":"https:\/\/rezekne.citro.lv\/ru\/wp-json\/wp\/v2\/types\/product"}],"wp:featuredmedia":[{"embeddable":true,"href":"https:\/\/rezekne.citro.lv\/ru\/wp-json\/wp\/v2\/media\/61007"}],"wp:attachment":[{"href":"https:\/\/rezekne.citro.lv\/ru\/wp-json\/wp\/v2\/media?parent=60124"}],"wp:term":[{"taxonomy":"product_cat","embeddable":true,"href":"https:\/\/rezekne.citro.lv\/ru\/wp-json\/wp\/v2\/product_cat?post=60124"},{"taxonomy":"product_tag","embeddable":true,"href":"https:\/\/rezekne.citro.lv\/ru\/wp-json\/wp\/v2\/product_tag?post=60124"}],"curies":[{"name":"wp","href":"https:\/\/api.w.org\/{rel}","templated":true}]}}