{"id":60201,"date":"2025-07-17T03:19:07","date_gmt":"2025-07-17T00:19:07","guid":{"rendered":"https:\/\/rezekne.citro.lv\/veikals\/mitras-salvetes-super-baby-ar-kumelisu-un-alvejas-esktraktu-120gab-ar-vacinu\/"},"modified":"2026-05-09T06:25:55","modified_gmt":"2026-05-09T03:25:55","slug":"mitras-salvetes-super-baby-ar-kumelisu-un-alvejas-esktraktu-120gab-ar-vacinu","status":"publish","type":"product","link":"https:\/\/rezekne.citro.lv\/ru\/product\/mitras-salvetes-super-baby-ar-kumelisu-un-alvejas-esktraktu-120gab-ar-vacinu\/","title":{"rendered":"MITR\u0100S SALVETES SUPER BABY AR KUMEL\u012a\u0160U UN ALVEJAS ESKTRAKTU 120GAB. AR V\u0100CI\u0145U"},"content":{"rendered":"<p>Izcelsmes valsts: Ukraina<\/p>\n","protected":false},"excerpt":{"rendered":"<p>0.02 \u20ac\/GAB<\/p>\n","protected":false},"featured_media":60343,"template":"","meta":{"_acf_changed":false,"inline_featured_image":false},"product_cat":[172,189],"product_tag":[],"acf":[],"aioseo_notices":[],"_links":{"self":[{"href":"https:\/\/rezekne.citro.lv\/ru\/wp-json\/wp\/v2\/product\/60201"}],"collection":[{"href":"https:\/\/rezekne.citro.lv\/ru\/wp-json\/wp\/v2\/product"}],"about":[{"href":"https:\/\/rezekne.citro.lv\/ru\/wp-json\/wp\/v2\/types\/product"}],"wp:featuredmedia":[{"embeddable":true,"href":"https:\/\/rezekne.citro.lv\/ru\/wp-json\/wp\/v2\/media\/60343"}],"wp:attachment":[{"href":"https:\/\/rezekne.citro.lv\/ru\/wp-json\/wp\/v2\/media?parent=60201"}],"wp:term":[{"taxonomy":"product_cat","embeddable":true,"href":"https:\/\/rezekne.citro.lv\/ru\/wp-json\/wp\/v2\/product_cat?post=60201"},{"taxonomy":"product_tag","embeddable":true,"href":"https:\/\/rezekne.citro.lv\/ru\/wp-json\/wp\/v2\/product_tag?post=60201"}],"curies":[{"name":"wp","href":"https:\/\/api.w.org\/{rel}","templated":true}]}}