{"id":60208,"date":"2026-01-29T00:32:03","date_gmt":"2026-01-28T22:32:03","guid":{"rendered":"https:\/\/rezekne.citro.lv\/veikals\/kabatlakatini-berniem-happy-ar-zimejumiem-8gabx9-mini-locijums\/"},"modified":"2026-04-05T06:04:39","modified_gmt":"2026-04-05T03:04:39","slug":"kabatlakatini-berniem-happy-ar-zimejumiem-8gabx9-mini-locijums","status":"publish","type":"product","link":"https:\/\/rezekne.citro.lv\/ru\/product\/kabatlakatini-berniem-happy-ar-zimejumiem-8gabx9-mini-locijums\/","title":{"rendered":"KABATLAKATI\u0145I B\u0112RNIEM HAPPY AR Z\u012aM\u0112JUMIEM 8GABX9 MINI LOC\u012aJUMS"},"content":{"rendered":"<p>Izcelsmes valsts: Ukraina<\/p>\n","protected":false},"excerpt":{"rendered":"<p>0.17 \u20ac\/GAB<\/p>\n","protected":false},"featured_media":60574,"template":"","meta":{"_acf_changed":false,"inline_featured_image":false},"product_cat":[172,189],"product_tag":[],"acf":[],"aioseo_notices":[],"_links":{"self":[{"href":"https:\/\/rezekne.citro.lv\/ru\/wp-json\/wp\/v2\/product\/60208"}],"collection":[{"href":"https:\/\/rezekne.citro.lv\/ru\/wp-json\/wp\/v2\/product"}],"about":[{"href":"https:\/\/rezekne.citro.lv\/ru\/wp-json\/wp\/v2\/types\/product"}],"wp:featuredmedia":[{"embeddable":true,"href":"https:\/\/rezekne.citro.lv\/ru\/wp-json\/wp\/v2\/media\/60574"}],"wp:attachment":[{"href":"https:\/\/rezekne.citro.lv\/ru\/wp-json\/wp\/v2\/media?parent=60208"}],"wp:term":[{"taxonomy":"product_cat","embeddable":true,"href":"https:\/\/rezekne.citro.lv\/ru\/wp-json\/wp\/v2\/product_cat?post=60208"},{"taxonomy":"product_tag","embeddable":true,"href":"https:\/\/rezekne.citro.lv\/ru\/wp-json\/wp\/v2\/product_tag?post=60208"}],"curies":[{"name":"wp","href":"https:\/\/api.w.org\/{rel}","templated":true}]}}