{"id":60432,"date":"2026-03-26T00:15:45","date_gmt":"2026-03-25T22:15:45","guid":{"rendered":"https:\/\/rezekne.citro.lv\/veikals\/jogurts-kremveida-fantasia-ar-sok-parslam-102g\/"},"modified":"2026-03-26T00:15:46","modified_gmt":"2026-03-25T22:15:46","slug":"jogurts-kremveida-fantasia-ar-sok-parslam-102g","status":"publish","type":"product","link":"https:\/\/rezekne.citro.lv\/ru\/product\/jogurts-kremveida-fantasia-ar-sok-parslam-102g\/","title":{"rendered":"JOGURTS KR\u0112MVEIDA FANTASIA AR \u0160OK.P\u0100RSL\u0100M 102G"},"content":{"rendered":"<p>Izcelsmes valsts: \u010cehija<\/p>\n","protected":false},"excerpt":{"rendered":"<p>8.33 \u20ac\/KG<\/p>\n","protected":false},"featured_media":60526,"template":"","meta":{"_acf_changed":false,"inline_featured_image":false},"product_cat":[95,100],"product_tag":[],"acf":[],"aioseo_notices":[],"_links":{"self":[{"href":"https:\/\/rezekne.citro.lv\/ru\/wp-json\/wp\/v2\/product\/60432"}],"collection":[{"href":"https:\/\/rezekne.citro.lv\/ru\/wp-json\/wp\/v2\/product"}],"about":[{"href":"https:\/\/rezekne.citro.lv\/ru\/wp-json\/wp\/v2\/types\/product"}],"wp:featuredmedia":[{"embeddable":true,"href":"https:\/\/rezekne.citro.lv\/ru\/wp-json\/wp\/v2\/media\/60526"}],"wp:attachment":[{"href":"https:\/\/rezekne.citro.lv\/ru\/wp-json\/wp\/v2\/media?parent=60432"}],"wp:term":[{"taxonomy":"product_cat","embeddable":true,"href":"https:\/\/rezekne.citro.lv\/ru\/wp-json\/wp\/v2\/product_cat?post=60432"},{"taxonomy":"product_tag","embeddable":true,"href":"https:\/\/rezekne.citro.lv\/ru\/wp-json\/wp\/v2\/product_tag?post=60432"}],"curies":[{"name":"wp","href":"https:\/\/api.w.org\/{rel}","templated":true}]}}