{"id":60435,"date":"2026-02-26T00:16:28","date_gmt":"2026-02-25T22:16:28","guid":{"rendered":"https:\/\/rezekne.citro.lv\/veikals\/sausini-krejums-zalumi-flint-110g\/"},"modified":"2026-04-07T06:01:36","modified_gmt":"2026-04-07T03:01:36","slug":"sausini-krejums-zalumi-flint-110g","status":"publish","type":"product","link":"https:\/\/rezekne.citro.lv\/ru\/product\/sausini-krejums-zalumi-flint-110g\/","title":{"rendered":"SAUSI\u0145I KR\u0112JUMS ZA\u013bUMI FLINT 110G"},"content":{"rendered":"<p>Izcelsmes valsts: Ukraina<\/p>\n","protected":false},"excerpt":{"rendered":"<p>8.64 \u20ac\/KG<\/p>\n","protected":false},"featured_media":60522,"template":"","meta":{"_acf_changed":false,"inline_featured_image":false},"product_cat":[215,563],"product_tag":[],"acf":[],"aioseo_notices":[],"_links":{"self":[{"href":"https:\/\/rezekne.citro.lv\/ru\/wp-json\/wp\/v2\/product\/60435"}],"collection":[{"href":"https:\/\/rezekne.citro.lv\/ru\/wp-json\/wp\/v2\/product"}],"about":[{"href":"https:\/\/rezekne.citro.lv\/ru\/wp-json\/wp\/v2\/types\/product"}],"wp:featuredmedia":[{"embeddable":true,"href":"https:\/\/rezekne.citro.lv\/ru\/wp-json\/wp\/v2\/media\/60522"}],"wp:attachment":[{"href":"https:\/\/rezekne.citro.lv\/ru\/wp-json\/wp\/v2\/media?parent=60435"}],"wp:term":[{"taxonomy":"product_cat","embeddable":true,"href":"https:\/\/rezekne.citro.lv\/ru\/wp-json\/wp\/v2\/product_cat?post=60435"},{"taxonomy":"product_tag","embeddable":true,"href":"https:\/\/rezekne.citro.lv\/ru\/wp-json\/wp\/v2\/product_tag?post=60435"}],"curies":[{"name":"wp","href":"https:\/\/api.w.org\/{rel}","templated":true}]}}