{"id":60447,"date":"2026-04-23T00:46:05","date_gmt":"2026-04-22T21:46:05","guid":{"rendered":"https:\/\/rezekne.citro.lv\/veikals\/pudins-zott-ar-sokolades-vanilas-merci-125g\/"},"modified":"2026-04-30T12:00:25","modified_gmt":"2026-04-30T09:00:25","slug":"pudins-zott-ar-sokolades-vanilas-merci-125g","status":"publish","type":"product","link":"https:\/\/rezekne.citro.lv\/ru\/product\/pudins-zott-ar-sokolades-vanilas-merci-125g\/","title":{"rendered":"PUDI\u0145\u0160 ZOTT AR \u0160OKOL\u0100DES VANI\u013bAS M\u0112RCI 4*125G"},"content":{"rendered":"<p>Izcelsmes valsts: V\u0101cija<\/p>\n","protected":false},"excerpt":{"rendered":"<p>0.74 \u20ac\/KG<\/p>\n","protected":false},"featured_media":60510,"template":"","meta":{"_acf_changed":false,"inline_featured_image":false},"product_cat":[95,188],"product_tag":[],"acf":[],"aioseo_notices":[],"_links":{"self":[{"href":"https:\/\/rezekne.citro.lv\/ru\/wp-json\/wp\/v2\/product\/60447"}],"collection":[{"href":"https:\/\/rezekne.citro.lv\/ru\/wp-json\/wp\/v2\/product"}],"about":[{"href":"https:\/\/rezekne.citro.lv\/ru\/wp-json\/wp\/v2\/types\/product"}],"wp:featuredmedia":[{"embeddable":true,"href":"https:\/\/rezekne.citro.lv\/ru\/wp-json\/wp\/v2\/media\/60510"}],"wp:attachment":[{"href":"https:\/\/rezekne.citro.lv\/ru\/wp-json\/wp\/v2\/media?parent=60447"}],"wp:term":[{"taxonomy":"product_cat","embeddable":true,"href":"https:\/\/rezekne.citro.lv\/ru\/wp-json\/wp\/v2\/product_cat?post=60447"},{"taxonomy":"product_tag","embeddable":true,"href":"https:\/\/rezekne.citro.lv\/ru\/wp-json\/wp\/v2\/product_tag?post=60447"}],"curies":[{"name":"wp","href":"https:\/\/api.w.org\/{rel}","templated":true}]}}