{"id":60453,"date":"2026-04-01T00:03:23","date_gmt":"2026-03-31T21:03:23","guid":{"rendered":"https:\/\/rezekne.citro.lv\/veikals\/kilavu-rolmopsi-garsvielu-salijuma-180g-135g-lucki\/"},"modified":"2026-04-03T12:00:52","modified_gmt":"2026-04-03T09:00:52","slug":"kilavu-rolmopsi-garsvielu-salijuma-180g-135g-lucki","status":"publish","type":"product","link":"https:\/\/rezekne.citro.lv\/ru\/product\/kilavu-rolmopsi-garsvielu-salijuma-180g-135g-lucki\/","title":{"rendered":"\u0136ILAVU ROLMOP\u0160I GAR\u0160VIELU S\u0100L\u012aJUM\u0100 180G\/135G LUCKI"},"content":{"rendered":"<p>Izcelsmes valsts: Latvija<\/p>\n","protected":false},"excerpt":{"rendered":"<p>16.22 \u20ac\/KG<\/p>\n","protected":false},"featured_media":60503,"template":"","meta":{"_acf_changed":false,"inline_featured_image":false},"product_cat":[135,136],"product_tag":[],"acf":[],"aioseo_notices":[],"_links":{"self":[{"href":"https:\/\/rezekne.citro.lv\/ru\/wp-json\/wp\/v2\/product\/60453"}],"collection":[{"href":"https:\/\/rezekne.citro.lv\/ru\/wp-json\/wp\/v2\/product"}],"about":[{"href":"https:\/\/rezekne.citro.lv\/ru\/wp-json\/wp\/v2\/types\/product"}],"wp:featuredmedia":[{"embeddable":true,"href":"https:\/\/rezekne.citro.lv\/ru\/wp-json\/wp\/v2\/media\/60503"}],"wp:attachment":[{"href":"https:\/\/rezekne.citro.lv\/ru\/wp-json\/wp\/v2\/media?parent=60453"}],"wp:term":[{"taxonomy":"product_cat","embeddable":true,"href":"https:\/\/rezekne.citro.lv\/ru\/wp-json\/wp\/v2\/product_cat?post=60453"},{"taxonomy":"product_tag","embeddable":true,"href":"https:\/\/rezekne.citro.lv\/ru\/wp-json\/wp\/v2\/product_tag?post=60453"}],"curies":[{"name":"wp","href":"https:\/\/api.w.org\/{rel}","templated":true}]}}