{"id":60457,"date":"2025-12-04T00:33:00","date_gmt":"2025-12-03T22:33:00","guid":{"rendered":"https:\/\/rezekne.citro.lv\/veikals\/karbonade-jubilara-skelites-vak-100g-gpu-nakotne\/"},"modified":"2026-05-08T06:25:27","modified_gmt":"2026-05-08T03:25:27","slug":"karbonade-jubilara-skelites-vak-100g-gpu-nakotne","status":"publish","type":"product","link":"https:\/\/rezekne.citro.lv\/ru\/product\/karbonade-jubilara-skelites-vak-100g-gpu-nakotne\/","title":{"rendered":"KARBON\u0100DE JUBIL\u0100RA \u0160\u0136\u0112L\u012aT\u0112S VAK. 100G GPU N\u0100KOTNE"},"content":{"rendered":"<p>Izcelsmes valsts: Latvija<\/p>\n","protected":false},"excerpt":{"rendered":"<p>17.90 \u20ac\/KG<\/p>\n","protected":false},"featured_media":60499,"template":"","meta":{"_acf_changed":false,"inline_featured_image":false},"product_cat":[135,174],"product_tag":[],"acf":[],"aioseo_notices":[],"_links":{"self":[{"href":"https:\/\/rezekne.citro.lv\/ru\/wp-json\/wp\/v2\/product\/60457"}],"collection":[{"href":"https:\/\/rezekne.citro.lv\/ru\/wp-json\/wp\/v2\/product"}],"about":[{"href":"https:\/\/rezekne.citro.lv\/ru\/wp-json\/wp\/v2\/types\/product"}],"wp:featuredmedia":[{"embeddable":true,"href":"https:\/\/rezekne.citro.lv\/ru\/wp-json\/wp\/v2\/media\/60499"}],"wp:attachment":[{"href":"https:\/\/rezekne.citro.lv\/ru\/wp-json\/wp\/v2\/media?parent=60457"}],"wp:term":[{"taxonomy":"product_cat","embeddable":true,"href":"https:\/\/rezekne.citro.lv\/ru\/wp-json\/wp\/v2\/product_cat?post=60457"},{"taxonomy":"product_tag","embeddable":true,"href":"https:\/\/rezekne.citro.lv\/ru\/wp-json\/wp\/v2\/product_tag?post=60457"}],"curies":[{"name":"wp","href":"https:\/\/api.w.org\/{rel}","templated":true}]}}