{"id":60544,"date":"2025-04-24T02:38:42","date_gmt":"2025-04-23T23:38:42","guid":{"rendered":"https:\/\/rezekne.citro.lv\/veikals\/vafeles-maminas-saulite-1300g\/"},"modified":"2026-05-10T06:03:12","modified_gmt":"2026-05-10T03:03:12","slug":"vafeles-maminas-saulite-kg","status":"publish","type":"product","link":"https:\/\/rezekne.citro.lv\/ru\/product\/vafeles-maminas-saulite-kg\/","title":{"rendered":"VAFELES M\u0100MI\u0145AS SAUL\u012aTE KG"},"content":{"rendered":"<p>Izcelsmes valsts: Ukraina<br \/>Sast\u0101vda\u013cas:KVIE\u0160U milti,\u016bdens,cukurs,margar\u012bns(da\u013c\u0113ji hidrogen\u0113ti rafin\u0113tas dezodor\u0113tas palmu un saulespu\u0137u e\u013c\u013cas,\u016bdens,s\u0101ls,emulgators SOJAS lecit\u012bns E322,dab\u012bga kr\u0101sviela beta-karot\u012bns,aromatiz\u0113t\u0101js &#187;Saldkr\u0113juma sviests&#187;,konsvervants sorb\u012bnsk\u0101be),kukur\u016bzas ciete,rafin\u0113ta dezodor\u0113ta saulespu\u0137u e\u013c\u013ca,s\u0101ls,m\u012bklas irdin\u0101t\u0101js E500,OLU album\u012bns, aromatiz\u0113t\u0101ji:&#187;Saldkr\u0113jums&#187;,&#187;Vanil\u012bns&#187;,dab\u012bga kr\u0101sviela beta-karot\u012bns.<\/p>\n","protected":false},"excerpt":{"rendered":"<p>9.99 \u20ac\/KG<\/p>\n","protected":false},"featured_media":60532,"template":"","meta":{"_acf_changed":false,"inline_featured_image":false},"product_cat":[125,139],"product_tag":[],"acf":[],"aioseo_notices":[],"_links":{"self":[{"href":"https:\/\/rezekne.citro.lv\/ru\/wp-json\/wp\/v2\/product\/60544"}],"collection":[{"href":"https:\/\/rezekne.citro.lv\/ru\/wp-json\/wp\/v2\/product"}],"about":[{"href":"https:\/\/rezekne.citro.lv\/ru\/wp-json\/wp\/v2\/types\/product"}],"wp:featuredmedia":[{"embeddable":true,"href":"https:\/\/rezekne.citro.lv\/ru\/wp-json\/wp\/v2\/media\/60532"}],"wp:attachment":[{"href":"https:\/\/rezekne.citro.lv\/ru\/wp-json\/wp\/v2\/media?parent=60544"}],"wp:term":[{"taxonomy":"product_cat","embeddable":true,"href":"https:\/\/rezekne.citro.lv\/ru\/wp-json\/wp\/v2\/product_cat?post=60544"},{"taxonomy":"product_tag","embeddable":true,"href":"https:\/\/rezekne.citro.lv\/ru\/wp-json\/wp\/v2\/product_tag?post=60544"}],"curies":[{"name":"wp","href":"https:\/\/api.w.org\/{rel}","templated":true}]}}