{"id":60566,"date":"2026-05-07T00:03:30","date_gmt":"2026-05-06T21:03:30","guid":{"rendered":"https:\/\/rezekne.citro.lv\/veikals\/batonins-herkuless-musli-ar-sokoladi-un-cepumiem-25g\/"},"modified":"2026-05-09T06:02:45","modified_gmt":"2026-05-09T03:02:45","slug":"batonins-herkuless-musli-ar-sokoladi-un-cepumiem-25g","status":"publish","type":"product","link":"https:\/\/rezekne.citro.lv\/ru\/product\/batonins-herkuless-musli-ar-sokoladi-un-cepumiem-25g\/","title":{"rendered":"BATONI\u0145\u0160 HERKULESS MUSLI  AR \u0160OKOL\u0100DI UN CEPUMIEM 25G"},"content":{"rendered":"<p>Izcelsmes valsts: Austrija<\/p>\n","protected":false},"excerpt":{"rendered":"<p>15.60 \u20ac\/KG<\/p>\n","protected":false},"featured_media":76967,"template":"","meta":{"_acf_changed":false,"inline_featured_image":false},"product_cat":[125,126],"product_tag":[],"acf":[],"aioseo_notices":[],"_links":{"self":[{"href":"https:\/\/rezekne.citro.lv\/ru\/wp-json\/wp\/v2\/product\/60566"}],"collection":[{"href":"https:\/\/rezekne.citro.lv\/ru\/wp-json\/wp\/v2\/product"}],"about":[{"href":"https:\/\/rezekne.citro.lv\/ru\/wp-json\/wp\/v2\/types\/product"}],"wp:featuredmedia":[{"embeddable":true,"href":"https:\/\/rezekne.citro.lv\/ru\/wp-json\/wp\/v2\/media\/76967"}],"wp:attachment":[{"href":"https:\/\/rezekne.citro.lv\/ru\/wp-json\/wp\/v2\/media?parent=60566"}],"wp:term":[{"taxonomy":"product_cat","embeddable":true,"href":"https:\/\/rezekne.citro.lv\/ru\/wp-json\/wp\/v2\/product_cat?post=60566"},{"taxonomy":"product_tag","embeddable":true,"href":"https:\/\/rezekne.citro.lv\/ru\/wp-json\/wp\/v2\/product_tag?post=60566"}],"curies":[{"name":"wp","href":"https:\/\/api.w.org\/{rel}","templated":true}]}}