{"id":60641,"date":"2026-02-26T00:33:11","date_gmt":"2026-02-25T22:33:11","guid":{"rendered":"https:\/\/rezekne.citro.lv\/veikals\/krems-biezpiena-ar-krembrule-garsu-alma-6-150g\/"},"modified":"2026-04-07T12:00:20","modified_gmt":"2026-04-07T09:00:20","slug":"krems-biezpiena-ar-krembrule-garsu-alma-6-150g","status":"publish","type":"product","link":"https:\/\/rezekne.citro.lv\/ru\/product\/krems-biezpiena-ar-krembrule-garsu-alma-6-150g\/","title":{"rendered":"KR\u0112MS BIEZPIENA AR KR\u0112MBRUL\u0112 GAR\u0160U ALMA 6% 150G"},"content":{"rendered":"<p>Izcelsmes valsts: Igaunija<\/p>\n","protected":false},"excerpt":{"rendered":"<p>5.93 \u20ac\/KG<\/p>\n","protected":false},"featured_media":60677,"template":"","meta":{"_acf_changed":false,"inline_featured_image":false},"product_cat":[95,188],"product_tag":[],"acf":[],"aioseo_notices":[],"_links":{"self":[{"href":"https:\/\/rezekne.citro.lv\/ru\/wp-json\/wp\/v2\/product\/60641"}],"collection":[{"href":"https:\/\/rezekne.citro.lv\/ru\/wp-json\/wp\/v2\/product"}],"about":[{"href":"https:\/\/rezekne.citro.lv\/ru\/wp-json\/wp\/v2\/types\/product"}],"wp:featuredmedia":[{"embeddable":true,"href":"https:\/\/rezekne.citro.lv\/ru\/wp-json\/wp\/v2\/media\/60677"}],"wp:attachment":[{"href":"https:\/\/rezekne.citro.lv\/ru\/wp-json\/wp\/v2\/media?parent=60641"}],"wp:term":[{"taxonomy":"product_cat","embeddable":true,"href":"https:\/\/rezekne.citro.lv\/ru\/wp-json\/wp\/v2\/product_cat?post=60641"},{"taxonomy":"product_tag","embeddable":true,"href":"https:\/\/rezekne.citro.lv\/ru\/wp-json\/wp\/v2\/product_tag?post=60641"}],"curies":[{"name":"wp","href":"https:\/\/api.w.org\/{rel}","templated":true}]}}