{"id":60643,"date":"2026-03-26T00:45:02","date_gmt":"2026-03-25T22:45:02","guid":{"rendered":"https:\/\/rezekne.citro.lv\/veikals\/c-g-karbonade-bez-adas-sver-kgs\/"},"modified":"2026-03-26T00:45:11","modified_gmt":"2026-03-25T22:45:11","slug":"c-g-karbonade-bez-adas-sver-kgs","status":"publish","type":"product","link":"https:\/\/rezekne.citro.lv\/ru\/product\/c-g-karbonade-bez-adas-sver-kgs\/","title":{"rendered":"C\/G KARBON\u0100DE BEZ \u0100DAS SVER. KGS"},"content":{"rendered":"<p>Izcelsmes valsts: Latvija<br \/>Uzglab.t. +0+4 Ra\u017eot\u0101js: Kurzemes Ga\u013csaimnieks SIA<\/p>\n","protected":false},"excerpt":{"rendered":"<p>7.49 \u20ac\/KG<\/p>\n","protected":false},"featured_media":60679,"template":"","meta":{"_acf_changed":false,"inline_featured_image":false},"product_cat":[135,190],"product_tag":[],"acf":[],"aioseo_notices":[],"_links":{"self":[{"href":"https:\/\/rezekne.citro.lv\/ru\/wp-json\/wp\/v2\/product\/60643"}],"collection":[{"href":"https:\/\/rezekne.citro.lv\/ru\/wp-json\/wp\/v2\/product"}],"about":[{"href":"https:\/\/rezekne.citro.lv\/ru\/wp-json\/wp\/v2\/types\/product"}],"wp:featuredmedia":[{"embeddable":true,"href":"https:\/\/rezekne.citro.lv\/ru\/wp-json\/wp\/v2\/media\/60679"}],"wp:attachment":[{"href":"https:\/\/rezekne.citro.lv\/ru\/wp-json\/wp\/v2\/media?parent=60643"}],"wp:term":[{"taxonomy":"product_cat","embeddable":true,"href":"https:\/\/rezekne.citro.lv\/ru\/wp-json\/wp\/v2\/product_cat?post=60643"},{"taxonomy":"product_tag","embeddable":true,"href":"https:\/\/rezekne.citro.lv\/ru\/wp-json\/wp\/v2\/product_tag?post=60643"}],"curies":[{"name":"wp","href":"https:\/\/api.w.org\/{rel}","templated":true}]}}