{"id":60688,"date":"2026-02-26T00:16:28","date_gmt":"2026-02-25T22:16:28","guid":{"rendered":"https:\/\/rezekne.citro.lv\/veikals\/axa-musli-kraukskigais-ar-sokoladi-un-riekstiem-350g\/"},"modified":"2026-03-15T06:02:12","modified_gmt":"2026-03-15T04:02:12","slug":"musli-kraukskigais-ar-sokoladi-un-riekstiem-350g","status":"publish","type":"product","link":"https:\/\/rezekne.citro.lv\/ru\/product\/musli-kraukskigais-ar-sokoladi-un-riekstiem-350g\/","title":{"rendered":"MUSLI KRAUK\u0160\u0136IGAIS AR \u0160OKOL\u0100DI UN RIEKSTIEM 350G"},"content":{"rendered":"<p>Izcelsmes valsts: \u010cehija<\/p>\n","protected":false},"excerpt":{"rendered":"<p>7.00 \u20ac\/KG<\/p>\n","protected":false},"featured_media":60714,"template":"","meta":{"_acf_changed":false,"inline_featured_image":false},"product_cat":[125,126],"product_tag":[],"acf":[],"aioseo_notices":[],"_links":{"self":[{"href":"https:\/\/rezekne.citro.lv\/ru\/wp-json\/wp\/v2\/product\/60688"}],"collection":[{"href":"https:\/\/rezekne.citro.lv\/ru\/wp-json\/wp\/v2\/product"}],"about":[{"href":"https:\/\/rezekne.citro.lv\/ru\/wp-json\/wp\/v2\/types\/product"}],"wp:featuredmedia":[{"embeddable":true,"href":"https:\/\/rezekne.citro.lv\/ru\/wp-json\/wp\/v2\/media\/60714"}],"wp:attachment":[{"href":"https:\/\/rezekne.citro.lv\/ru\/wp-json\/wp\/v2\/media?parent=60688"}],"wp:term":[{"taxonomy":"product_cat","embeddable":true,"href":"https:\/\/rezekne.citro.lv\/ru\/wp-json\/wp\/v2\/product_cat?post=60688"},{"taxonomy":"product_tag","embeddable":true,"href":"https:\/\/rezekne.citro.lv\/ru\/wp-json\/wp\/v2\/product_tag?post=60688"}],"curies":[{"name":"wp","href":"https:\/\/api.w.org\/{rel}","templated":true}]}}