{"id":60699,"date":"2026-02-26T00:16:35","date_gmt":"2026-02-25T22:16:35","guid":{"rendered":"https:\/\/rezekne.citro.lv\/veikals\/skuvekli-gillete-blue-3-red-vienreizliet-viriesiem-62-gab\/"},"modified":"2026-02-26T00:16:36","modified_gmt":"2026-02-25T22:16:36","slug":"skuvekli-gillete-blue-3-red-vienreizliet-viriesiem-62-gab","status":"publish","type":"product","link":"https:\/\/rezekne.citro.lv\/ru\/product\/skuvekli-gillete-blue-3-red-vienreizliet-viriesiem-62-gab\/","title":{"rendered":"SKUVEK\u013bI GILLETE BLUE 3 RED VIENREIZLIET. V\u012aRIE\u0160IEM 6+2 GAB."},"content":{"rendered":"","protected":false},"excerpt":{"rendered":"<p>1.15 \u20ac\/GAB<\/p>\n","protected":false},"featured_media":60723,"template":"","meta":{"_acf_changed":false,"inline_featured_image":false},"product_cat":[127,170],"product_tag":[],"acf":[],"aioseo_notices":[],"_links":{"self":[{"href":"https:\/\/rezekne.citro.lv\/ru\/wp-json\/wp\/v2\/product\/60699"}],"collection":[{"href":"https:\/\/rezekne.citro.lv\/ru\/wp-json\/wp\/v2\/product"}],"about":[{"href":"https:\/\/rezekne.citro.lv\/ru\/wp-json\/wp\/v2\/types\/product"}],"wp:featuredmedia":[{"embeddable":true,"href":"https:\/\/rezekne.citro.lv\/ru\/wp-json\/wp\/v2\/media\/60723"}],"wp:attachment":[{"href":"https:\/\/rezekne.citro.lv\/ru\/wp-json\/wp\/v2\/media?parent=60699"}],"wp:term":[{"taxonomy":"product_cat","embeddable":true,"href":"https:\/\/rezekne.citro.lv\/ru\/wp-json\/wp\/v2\/product_cat?post=60699"},{"taxonomy":"product_tag","embeddable":true,"href":"https:\/\/rezekne.citro.lv\/ru\/wp-json\/wp\/v2\/product_tag?post=60699"}],"curies":[{"name":"wp","href":"https:\/\/api.w.org\/{rel}","templated":true}]}}