{"id":60787,"date":"2026-04-23T00:18:18","date_gmt":"2026-04-22T21:18:18","guid":{"rendered":"https:\/\/rezekne.citro.lv\/veikals\/sokolade-lacitis-kepainitis-piena-90g-laima\/"},"modified":"2026-04-23T06:02:32","modified_gmt":"2026-04-23T03:02:32","slug":"sokolade-lacitis-kepainitis-piena-90g-laima","status":"publish","type":"product","link":"https:\/\/rezekne.citro.lv\/ru\/product\/sokolade-lacitis-kepainitis-piena-90g-laima\/","title":{"rendered":"\u0160OKOL\u0100DE L\u0100C\u012aTIS \u0136EPAIN\u012aTIS PIENA 90G LAIMA"},"content":{"rendered":"<p>Izcelsmes valsts: Igaunija<\/p>\n","protected":false},"excerpt":{"rendered":"<p>27.67 \u20ac\/KG<\/p>\n","protected":false},"featured_media":61316,"template":"","meta":{"_acf_changed":false,"inline_featured_image":false},"product_cat":[125,134],"product_tag":[],"acf":[],"aioseo_notices":[],"_links":{"self":[{"href":"https:\/\/rezekne.citro.lv\/ru\/wp-json\/wp\/v2\/product\/60787"}],"collection":[{"href":"https:\/\/rezekne.citro.lv\/ru\/wp-json\/wp\/v2\/product"}],"about":[{"href":"https:\/\/rezekne.citro.lv\/ru\/wp-json\/wp\/v2\/types\/product"}],"wp:featuredmedia":[{"embeddable":true,"href":"https:\/\/rezekne.citro.lv\/ru\/wp-json\/wp\/v2\/media\/61316"}],"wp:attachment":[{"href":"https:\/\/rezekne.citro.lv\/ru\/wp-json\/wp\/v2\/media?parent=60787"}],"wp:term":[{"taxonomy":"product_cat","embeddable":true,"href":"https:\/\/rezekne.citro.lv\/ru\/wp-json\/wp\/v2\/product_cat?post=60787"},{"taxonomy":"product_tag","embeddable":true,"href":"https:\/\/rezekne.citro.lv\/ru\/wp-json\/wp\/v2\/product_tag?post=60787"}],"curies":[{"name":"wp","href":"https:\/\/api.w.org\/{rel}","templated":true}]}}