{"id":60820,"date":"2025-11-20T14:05:41","date_gmt":"2025-11-20T12:05:41","guid":{"rendered":"https:\/\/rezekne.citro.lv\/veikals\/silku-fileja-gabalini-ella-ar-garsvielam-300g-210g\/"},"modified":"2026-04-15T12:00:27","modified_gmt":"2026-04-15T09:00:27","slug":"silku-fileja-gabalini-ella-ar-garsvielam-300g-210g","status":"publish","type":"product","link":"https:\/\/rezekne.citro.lv\/ru\/product\/silku-fileja-gabalini-ella-ar-garsvielam-300g-210g\/","title":{"rendered":"SI\u013b\u0136U FILEJA GABALI\u0145I E\u013b\u013b\u0100 AR GAR\u0160VIEL\u0100M 300G\/210G"},"content":{"rendered":"<p>Izcelsmes valsts: Lietuva<\/p>\n","protected":false},"excerpt":{"rendered":"<p>13.29 \u20ac\/KG<\/p>\n","protected":false},"featured_media":61000,"template":"","meta":{"_acf_changed":false,"inline_featured_image":false},"product_cat":[135,136],"product_tag":[],"acf":[],"aioseo_notices":[],"_links":{"self":[{"href":"https:\/\/rezekne.citro.lv\/ru\/wp-json\/wp\/v2\/product\/60820"}],"collection":[{"href":"https:\/\/rezekne.citro.lv\/ru\/wp-json\/wp\/v2\/product"}],"about":[{"href":"https:\/\/rezekne.citro.lv\/ru\/wp-json\/wp\/v2\/types\/product"}],"wp:featuredmedia":[{"embeddable":true,"href":"https:\/\/rezekne.citro.lv\/ru\/wp-json\/wp\/v2\/media\/61000"}],"wp:attachment":[{"href":"https:\/\/rezekne.citro.lv\/ru\/wp-json\/wp\/v2\/media?parent=60820"}],"wp:term":[{"taxonomy":"product_cat","embeddable":true,"href":"https:\/\/rezekne.citro.lv\/ru\/wp-json\/wp\/v2\/product_cat?post=60820"},{"taxonomy":"product_tag","embeddable":true,"href":"https:\/\/rezekne.citro.lv\/ru\/wp-json\/wp\/v2\/product_tag?post=60820"}],"curies":[{"name":"wp","href":"https:\/\/api.w.org\/{rel}","templated":true}]}}