{"id":60854,"date":"2025-12-06T00:02:43","date_gmt":"2025-12-05T22:02:43","guid":{"rendered":"https:\/\/rezekne.citro.lv\/veikals\/parslas-auzu-axa-ar-zemenu-gab-atri-pag-35g\/"},"modified":"2026-05-10T06:02:27","modified_gmt":"2026-05-10T03:02:27","slug":"parslas-auzu-axa-ar-zemenu-gab-atri-pag-35g","status":"publish","type":"product","link":"https:\/\/rezekne.citro.lv\/ru\/product\/parslas-auzu-axa-ar-zemenu-gab-atri-pag-35g\/","title":{"rendered":"P\u0100RSLAS AUZU HERKULES AR ZEME\u0145U GAB \u0100TRI PAG.35G"},"content":{"rendered":"<p>Izcelsmes valsts: Latvija<\/p>\n","protected":false},"excerpt":{"rendered":"<p>16.86 \u20ac\/KG<\/p>\n","protected":false},"featured_media":60999,"template":"","meta":{"_acf_changed":false,"inline_featured_image":false},"product_cat":[118,123],"product_tag":[],"acf":[],"aioseo_notices":[],"_links":{"self":[{"href":"https:\/\/rezekne.citro.lv\/ru\/wp-json\/wp\/v2\/product\/60854"}],"collection":[{"href":"https:\/\/rezekne.citro.lv\/ru\/wp-json\/wp\/v2\/product"}],"about":[{"href":"https:\/\/rezekne.citro.lv\/ru\/wp-json\/wp\/v2\/types\/product"}],"wp:featuredmedia":[{"embeddable":true,"href":"https:\/\/rezekne.citro.lv\/ru\/wp-json\/wp\/v2\/media\/60999"}],"wp:attachment":[{"href":"https:\/\/rezekne.citro.lv\/ru\/wp-json\/wp\/v2\/media?parent=60854"}],"wp:term":[{"taxonomy":"product_cat","embeddable":true,"href":"https:\/\/rezekne.citro.lv\/ru\/wp-json\/wp\/v2\/product_cat?post=60854"},{"taxonomy":"product_tag","embeddable":true,"href":"https:\/\/rezekne.citro.lv\/ru\/wp-json\/wp\/v2\/product_tag?post=60854"}],"curies":[{"name":"wp","href":"https:\/\/api.w.org\/{rel}","templated":true}]}}