{"id":61073,"date":"2026-03-26T00:18:07","date_gmt":"2026-03-25T22:18:07","guid":{"rendered":"https:\/\/rezekne.citro.lv\/veikals\/karbonade-karsti-kupinata-zemnieka-105g-noo-cepeskungs\/"},"modified":"2026-04-17T12:03:06","modified_gmt":"2026-04-17T09:03:06","slug":"karbonade-karsti-kupinata-zemnieka-105g-noo-cepeskungs","status":"publish","type":"product","link":"https:\/\/rezekne.citro.lv\/ru\/product\/karbonade-karsti-kupinata-zemnieka-105g-noo-cepeskungs\/","title":{"rendered":"KARBON\u0100DE KARSTI K\u016aPIN\u0100TA ZEMNIEKA 105G NOO CEPE\u0160KUNGS"},"content":{"rendered":"<p>Izcelsmes valsts: Igaunija<\/p>\n","protected":false},"excerpt":{"rendered":"<p>18.00 \u20ac\/KG<\/p>\n","protected":false},"featured_media":77783,"template":"","meta":{"_acf_changed":false,"inline_featured_image":false},"product_cat":[135,174],"product_tag":[],"acf":[],"aioseo_notices":[],"_links":{"self":[{"href":"https:\/\/rezekne.citro.lv\/ru\/wp-json\/wp\/v2\/product\/61073"}],"collection":[{"href":"https:\/\/rezekne.citro.lv\/ru\/wp-json\/wp\/v2\/product"}],"about":[{"href":"https:\/\/rezekne.citro.lv\/ru\/wp-json\/wp\/v2\/types\/product"}],"wp:featuredmedia":[{"embeddable":true,"href":"https:\/\/rezekne.citro.lv\/ru\/wp-json\/wp\/v2\/media\/77783"}],"wp:attachment":[{"href":"https:\/\/rezekne.citro.lv\/ru\/wp-json\/wp\/v2\/media?parent=61073"}],"wp:term":[{"taxonomy":"product_cat","embeddable":true,"href":"https:\/\/rezekne.citro.lv\/ru\/wp-json\/wp\/v2\/product_cat?post=61073"},{"taxonomy":"product_tag","embeddable":true,"href":"https:\/\/rezekne.citro.lv\/ru\/wp-json\/wp\/v2\/product_tag?post=61073"}],"curies":[{"name":"wp","href":"https:\/\/api.w.org\/{rel}","templated":true}]}}