{"id":61076,"date":"2025-10-20T00:02:27","date_gmt":"2025-10-19T21:02:27","guid":{"rendered":"https:\/\/rezekne.citro.lv\/veikals\/silku-rolmopsi-b-a-marinade-500g-325g-lucki\/"},"modified":"2026-04-15T12:00:44","modified_gmt":"2026-04-15T09:00:44","slug":"silku-rolmopsi-b-a-marinade-500g-325g-lucki","status":"publish","type":"product","link":"https:\/\/rezekne.citro.lv\/ru\/product\/silku-rolmopsi-b-a-marinade-500g-325g-lucki\/","title":{"rendered":"SI\u013b\u0136U ROLMOP\u0160I B\/\u0100 MARIN\u0100D\u0112 500G\/325G LUCKI"},"content":{"rendered":"<p>Izcelsmes valsts: Latvija<\/p>\n","protected":false},"excerpt":{"rendered":"<p>11.97 \u20ac\/KG<\/p>\n","protected":false},"featured_media":61151,"template":"","meta":{"_acf_changed":false,"inline_featured_image":false},"product_cat":[135,136],"product_tag":[],"acf":[],"aioseo_notices":[],"_links":{"self":[{"href":"https:\/\/rezekne.citro.lv\/ru\/wp-json\/wp\/v2\/product\/61076"}],"collection":[{"href":"https:\/\/rezekne.citro.lv\/ru\/wp-json\/wp\/v2\/product"}],"about":[{"href":"https:\/\/rezekne.citro.lv\/ru\/wp-json\/wp\/v2\/types\/product"}],"wp:featuredmedia":[{"embeddable":true,"href":"https:\/\/rezekne.citro.lv\/ru\/wp-json\/wp\/v2\/media\/61151"}],"wp:attachment":[{"href":"https:\/\/rezekne.citro.lv\/ru\/wp-json\/wp\/v2\/media?parent=61076"}],"wp:term":[{"taxonomy":"product_cat","embeddable":true,"href":"https:\/\/rezekne.citro.lv\/ru\/wp-json\/wp\/v2\/product_cat?post=61076"},{"taxonomy":"product_tag","embeddable":true,"href":"https:\/\/rezekne.citro.lv\/ru\/wp-json\/wp\/v2\/product_tag?post=61076"}],"curies":[{"name":"wp","href":"https:\/\/api.w.org\/{rel}","templated":true}]}}