{"id":61083,"date":"2026-04-09T00:06:59","date_gmt":"2026-04-08T21:06:59","guid":{"rendered":"https:\/\/rezekne.citro.lv\/veikals\/pica-alberto-ar-skinki-sald-320g\/"},"modified":"2026-04-11T06:25:41","modified_gmt":"2026-04-11T03:25:41","slug":"pica-alberto-ar-skinki-sald-320g","status":"publish","type":"product","link":"https:\/\/rezekne.citro.lv\/ru\/product\/pica-alberto-ar-skinki-sald-320g\/","title":{"rendered":"PICA ALBERTO AR \u0160\u0136I\u0145\u0136I SALD. 320G"},"content":{"rendered":"<p>Izcelsmes valsts: V\u0101cija<\/p>\n","protected":false},"excerpt":{"rendered":"<p>9.34 \u20ac\/KG<\/p>\n","protected":false},"featured_media":61157,"template":"","meta":{"_acf_changed":false,"inline_featured_image":false},"product_cat":[231,232],"product_tag":[],"acf":[],"aioseo_notices":[],"_links":{"self":[{"href":"https:\/\/rezekne.citro.lv\/ru\/wp-json\/wp\/v2\/product\/61083"}],"collection":[{"href":"https:\/\/rezekne.citro.lv\/ru\/wp-json\/wp\/v2\/product"}],"about":[{"href":"https:\/\/rezekne.citro.lv\/ru\/wp-json\/wp\/v2\/types\/product"}],"wp:featuredmedia":[{"embeddable":true,"href":"https:\/\/rezekne.citro.lv\/ru\/wp-json\/wp\/v2\/media\/61157"}],"wp:attachment":[{"href":"https:\/\/rezekne.citro.lv\/ru\/wp-json\/wp\/v2\/media?parent=61083"}],"wp:term":[{"taxonomy":"product_cat","embeddable":true,"href":"https:\/\/rezekne.citro.lv\/ru\/wp-json\/wp\/v2\/product_cat?post=61083"},{"taxonomy":"product_tag","embeddable":true,"href":"https:\/\/rezekne.citro.lv\/ru\/wp-json\/wp\/v2\/product_tag?post=61083"}],"curies":[{"name":"wp","href":"https:\/\/api.w.org\/{rel}","templated":true}]}}