{"id":61084,"date":"2026-01-19T00:02:07","date_gmt":"2026-01-18T22:02:07","guid":{"rendered":"https:\/\/rezekne.citro.lv\/veikals\/silkes-fileja-gab-ar-dillem-vici-210g-130g\/"},"modified":"2026-01-19T00:02:11","modified_gmt":"2026-01-18T22:02:11","slug":"silkes-fileja-gab-ar-dillem-vici-210g-130g","status":"publish","type":"product","link":"https:\/\/rezekne.citro.lv\/ru\/product\/silkes-fileja-gab-ar-dillem-vici-210g-130g\/","title":{"rendered":"SI\u013b\u0136ES FILEJA GAB.AR DILL\u0112M VI\u010cI 210G\/130G"},"content":{"rendered":"<p>Izcelsmes valsts: Lietuva<\/p>\n","protected":false},"excerpt":{"rendered":"<p>23.77 \u20ac\/KG<\/p>\n","protected":false},"featured_media":61159,"template":"","meta":{"_acf_changed":false,"inline_featured_image":false},"product_cat":[135,136],"product_tag":[],"acf":[],"aioseo_notices":[],"_links":{"self":[{"href":"https:\/\/rezekne.citro.lv\/ru\/wp-json\/wp\/v2\/product\/61084"}],"collection":[{"href":"https:\/\/rezekne.citro.lv\/ru\/wp-json\/wp\/v2\/product"}],"about":[{"href":"https:\/\/rezekne.citro.lv\/ru\/wp-json\/wp\/v2\/types\/product"}],"wp:featuredmedia":[{"embeddable":true,"href":"https:\/\/rezekne.citro.lv\/ru\/wp-json\/wp\/v2\/media\/61159"}],"wp:attachment":[{"href":"https:\/\/rezekne.citro.lv\/ru\/wp-json\/wp\/v2\/media?parent=61084"}],"wp:term":[{"taxonomy":"product_cat","embeddable":true,"href":"https:\/\/rezekne.citro.lv\/ru\/wp-json\/wp\/v2\/product_cat?post=61084"},{"taxonomy":"product_tag","embeddable":true,"href":"https:\/\/rezekne.citro.lv\/ru\/wp-json\/wp\/v2\/product_tag?post=61084"}],"curies":[{"name":"wp","href":"https:\/\/api.w.org\/{rel}","templated":true}]}}