{"id":61121,"date":"2026-04-23T00:18:32","date_gmt":"2026-04-22T21:18:32","guid":{"rendered":"https:\/\/rezekne.citro.lv\/veikals\/kaposti-stoveti-dimdini-700g-spainitis\/"},"modified":"2026-05-17T06:01:58","modified_gmt":"2026-05-17T03:01:58","slug":"kaposti-stoveti-dimdini-700g-spainitis","status":"publish","type":"product","link":"https:\/\/rezekne.citro.lv\/ru\/product\/kaposti-stoveti-dimdini-700g-spainitis\/","title":{"rendered":"K\u0100POSTI \u0160TOV\u0112TI DIMDI\u0145I 700G SPAIN\u012aTIS"},"content":{"rendered":"<p>Izcelsmes valsts: Latvija<\/p>\n","protected":false},"excerpt":{"rendered":"<p>3.56 \u20ac\/KG<\/p>\n","protected":false},"featured_media":61163,"template":"","meta":{"_acf_changed":false,"inline_featured_image":false},"product_cat":[97,159],"product_tag":[],"acf":[],"aioseo_notices":[],"_links":{"self":[{"href":"https:\/\/rezekne.citro.lv\/ru\/wp-json\/wp\/v2\/product\/61121"}],"collection":[{"href":"https:\/\/rezekne.citro.lv\/ru\/wp-json\/wp\/v2\/product"}],"about":[{"href":"https:\/\/rezekne.citro.lv\/ru\/wp-json\/wp\/v2\/types\/product"}],"wp:featuredmedia":[{"embeddable":true,"href":"https:\/\/rezekne.citro.lv\/ru\/wp-json\/wp\/v2\/media\/61163"}],"wp:attachment":[{"href":"https:\/\/rezekne.citro.lv\/ru\/wp-json\/wp\/v2\/media?parent=61121"}],"wp:term":[{"taxonomy":"product_cat","embeddable":true,"href":"https:\/\/rezekne.citro.lv\/ru\/wp-json\/wp\/v2\/product_cat?post=61121"},{"taxonomy":"product_tag","embeddable":true,"href":"https:\/\/rezekne.citro.lv\/ru\/wp-json\/wp\/v2\/product_tag?post=61121"}],"curies":[{"name":"wp","href":"https:\/\/api.w.org\/{rel}","templated":true}]}}