{"id":61123,"date":"2026-04-23T00:18:32","date_gmt":"2026-04-22T21:18:32","guid":{"rendered":"https:\/\/rezekne.citro.lv\/veikals\/biezenis-rudolfs-bio-abolubananuzemenu-ar-saldo-krejumu-110g\/"},"modified":"2026-04-30T06:02:11","modified_gmt":"2026-04-30T03:02:11","slug":"biezenis-rudolfs-bio-abolubananuzemenu-ar-saldo-krejumu-110g","status":"publish","type":"product","link":"https:\/\/rezekne.citro.lv\/ru\/product\/biezenis-rudolfs-bio-abolubananuzemenu-ar-saldo-krejumu-110g\/","title":{"rendered":"BIEZENIS R\u016aDOLFS BIO \u0100BOLU,BAN\u0100NU,ZEME\u0145U AR SALDO KR\u0112JUMU 110G"},"content":{"rendered":"","protected":false},"excerpt":{"rendered":"<p>13.55 \u20ac\/KG<\/p>\n","protected":false},"featured_media":61165,"template":"","meta":{"_acf_changed":false,"inline_featured_image":false},"product_cat":[172,173],"product_tag":[],"acf":[],"aioseo_notices":[],"_links":{"self":[{"href":"https:\/\/rezekne.citro.lv\/ru\/wp-json\/wp\/v2\/product\/61123"}],"collection":[{"href":"https:\/\/rezekne.citro.lv\/ru\/wp-json\/wp\/v2\/product"}],"about":[{"href":"https:\/\/rezekne.citro.lv\/ru\/wp-json\/wp\/v2\/types\/product"}],"wp:featuredmedia":[{"embeddable":true,"href":"https:\/\/rezekne.citro.lv\/ru\/wp-json\/wp\/v2\/media\/61165"}],"wp:attachment":[{"href":"https:\/\/rezekne.citro.lv\/ru\/wp-json\/wp\/v2\/media?parent=61123"}],"wp:term":[{"taxonomy":"product_cat","embeddable":true,"href":"https:\/\/rezekne.citro.lv\/ru\/wp-json\/wp\/v2\/product_cat?post=61123"},{"taxonomy":"product_tag","embeddable":true,"href":"https:\/\/rezekne.citro.lv\/ru\/wp-json\/wp\/v2\/product_tag?post=61123"}],"curies":[{"name":"wp","href":"https:\/\/api.w.org\/{rel}","templated":true}]}}