{"id":61258,"date":"2026-04-23T00:18:25","date_gmt":"2026-04-22T21:18:25","guid":{"rendered":"https:\/\/rezekne.citro.lv\/veikals\/limonade-tarhuns-chernogolovka-1l-pet\/"},"modified":"2026-05-05T06:01:52","modified_gmt":"2026-05-05T03:01:52","slug":"limonade-tarhuns-chernogolovka-1l-pet","status":"publish","type":"product","link":"https:\/\/rezekne.citro.lv\/ru\/product\/limonade-tarhuns-chernogolovka-1l-pet\/","title":{"rendered":"LIMON\u0100DE TARH\u016aNS CHERNOGOLOVKA 1L PET"},"content":{"rendered":"<p>Izcelsmes valsts: Uzbekist\u0101na<\/p>\n","protected":false},"excerpt":{"rendered":"<p>1.79 \u20ac\/L<\/p>\n","protected":false},"featured_media":61319,"template":"","meta":{"_acf_changed":false,"inline_featured_image":false},"product_cat":[106,107],"product_tag":[],"acf":[],"aioseo_notices":[],"_links":{"self":[{"href":"https:\/\/rezekne.citro.lv\/ru\/wp-json\/wp\/v2\/product\/61258"}],"collection":[{"href":"https:\/\/rezekne.citro.lv\/ru\/wp-json\/wp\/v2\/product"}],"about":[{"href":"https:\/\/rezekne.citro.lv\/ru\/wp-json\/wp\/v2\/types\/product"}],"wp:featuredmedia":[{"embeddable":true,"href":"https:\/\/rezekne.citro.lv\/ru\/wp-json\/wp\/v2\/media\/61319"}],"wp:attachment":[{"href":"https:\/\/rezekne.citro.lv\/ru\/wp-json\/wp\/v2\/media?parent=61258"}],"wp:term":[{"taxonomy":"product_cat","embeddable":true,"href":"https:\/\/rezekne.citro.lv\/ru\/wp-json\/wp\/v2\/product_cat?post=61258"},{"taxonomy":"product_tag","embeddable":true,"href":"https:\/\/rezekne.citro.lv\/ru\/wp-json\/wp\/v2\/product_tag?post=61258"}],"curies":[{"name":"wp","href":"https:\/\/api.w.org\/{rel}","templated":true}]}}