{"id":61261,"date":"2025-12-05T00:02:19","date_gmt":"2025-12-04T22:02:19","guid":{"rendered":"https:\/\/rezekne.citro.lv\/veikals\/udens-dzeramais-zakumuiza-gazets-0-5l\/"},"modified":"2026-01-10T06:03:40","modified_gmt":"2026-01-10T04:03:40","slug":"udens-dzeramais-zakumuiza-gazets-0-5l","status":"publish","type":"product","link":"https:\/\/rezekne.citro.lv\/ru\/product\/udens-dzeramais-zakumuiza-gazets-0-5l\/","title":{"rendered":"\u016aDENS DZERAMAIS ZA\u0136UMUI\u017dA G\u0100Z\u0112TS 0.5L"},"content":{"rendered":"<p>Izcelsmes valsts: Latvija<\/p>\n","protected":false},"excerpt":{"rendered":"<p>1.10 \u20ac\/L<\/p>\n","protected":false},"featured_media":61320,"template":"","meta":{"_acf_changed":false,"inline_featured_image":false},"product_cat":[106,186],"product_tag":[],"acf":[],"aioseo_notices":[],"_links":{"self":[{"href":"https:\/\/rezekne.citro.lv\/ru\/wp-json\/wp\/v2\/product\/61261"}],"collection":[{"href":"https:\/\/rezekne.citro.lv\/ru\/wp-json\/wp\/v2\/product"}],"about":[{"href":"https:\/\/rezekne.citro.lv\/ru\/wp-json\/wp\/v2\/types\/product"}],"wp:featuredmedia":[{"embeddable":true,"href":"https:\/\/rezekne.citro.lv\/ru\/wp-json\/wp\/v2\/media\/61320"}],"wp:attachment":[{"href":"https:\/\/rezekne.citro.lv\/ru\/wp-json\/wp\/v2\/media?parent=61261"}],"wp:term":[{"taxonomy":"product_cat","embeddable":true,"href":"https:\/\/rezekne.citro.lv\/ru\/wp-json\/wp\/v2\/product_cat?post=61261"},{"taxonomy":"product_tag","embeddable":true,"href":"https:\/\/rezekne.citro.lv\/ru\/wp-json\/wp\/v2\/product_tag?post=61261"}],"curies":[{"name":"wp","href":"https:\/\/api.w.org\/{rel}","templated":true}]}}