{"id":61265,"date":"2026-03-26T00:18:07","date_gmt":"2026-03-25T22:18:07","guid":{"rendered":"https:\/\/rezekne.citro.lv\/veikals\/rgk-spekis-sviestmaizu-ar-kiplokiem-200g\/"},"modified":"2026-05-01T06:02:45","modified_gmt":"2026-05-01T03:02:45","slug":"rgk-spekis-sviestmaizu-ar-kiplokiem-200g","status":"publish","type":"product","link":"https:\/\/rezekne.citro.lv\/ru\/product\/rgk-spekis-sviestmaizu-ar-kiplokiem-200g\/","title":{"rendered":"RGK SPE\u0136IS SVIESTMAI\u017dU AR \u0136IPLOKIEM 200G"},"content":{"rendered":"<p>Izcelsmes valsts: Latvija<\/p>\n","protected":false},"excerpt":{"rendered":"<p>8.75 \u20ac\/KG<\/p>\n","protected":false},"featured_media":61325,"template":"","meta":{"_acf_changed":false,"inline_featured_image":false},"product_cat":[135,174],"product_tag":[],"acf":[],"aioseo_notices":[],"_links":{"self":[{"href":"https:\/\/rezekne.citro.lv\/ru\/wp-json\/wp\/v2\/product\/61265"}],"collection":[{"href":"https:\/\/rezekne.citro.lv\/ru\/wp-json\/wp\/v2\/product"}],"about":[{"href":"https:\/\/rezekne.citro.lv\/ru\/wp-json\/wp\/v2\/types\/product"}],"wp:featuredmedia":[{"embeddable":true,"href":"https:\/\/rezekne.citro.lv\/ru\/wp-json\/wp\/v2\/media\/61325"}],"wp:attachment":[{"href":"https:\/\/rezekne.citro.lv\/ru\/wp-json\/wp\/v2\/media?parent=61265"}],"wp:term":[{"taxonomy":"product_cat","embeddable":true,"href":"https:\/\/rezekne.citro.lv\/ru\/wp-json\/wp\/v2\/product_cat?post=61265"},{"taxonomy":"product_tag","embeddable":true,"href":"https:\/\/rezekne.citro.lv\/ru\/wp-json\/wp\/v2\/product_tag?post=61265"}],"curies":[{"name":"wp","href":"https:\/\/api.w.org\/{rel}","templated":true}]}}