{"id":61268,"date":"2026-02-05T00:02:24","date_gmt":"2026-02-04T22:02:24","guid":{"rendered":"https:\/\/rezekne.citro.lv\/veikals\/limonade-buratino-chernogolovka-1l-pet\/"},"modified":"2026-04-04T06:02:40","modified_gmt":"2026-04-04T03:02:40","slug":"limonade-buratino-chernogolovka-1l-pet","status":"publish","type":"product","link":"https:\/\/rezekne.citro.lv\/ru\/product\/limonade-buratino-chernogolovka-1l-pet\/","title":{"rendered":"LIMON\u0100DE BURAT\u012aNO CHERNOGOLOVKA 1L PET"},"content":{"rendered":"<p>Izcelsmes valsts: Uzbekist\u0101na<\/p>\n","protected":false},"excerpt":{"rendered":"<p>1.79 \u20ac\/L<\/p>\n","protected":false},"featured_media":61326,"template":"","meta":{"_acf_changed":false,"inline_featured_image":false},"product_cat":[106,107],"product_tag":[],"acf":[],"aioseo_notices":[],"_links":{"self":[{"href":"https:\/\/rezekne.citro.lv\/ru\/wp-json\/wp\/v2\/product\/61268"}],"collection":[{"href":"https:\/\/rezekne.citro.lv\/ru\/wp-json\/wp\/v2\/product"}],"about":[{"href":"https:\/\/rezekne.citro.lv\/ru\/wp-json\/wp\/v2\/types\/product"}],"wp:featuredmedia":[{"embeddable":true,"href":"https:\/\/rezekne.citro.lv\/ru\/wp-json\/wp\/v2\/media\/61326"}],"wp:attachment":[{"href":"https:\/\/rezekne.citro.lv\/ru\/wp-json\/wp\/v2\/media?parent=61268"}],"wp:term":[{"taxonomy":"product_cat","embeddable":true,"href":"https:\/\/rezekne.citro.lv\/ru\/wp-json\/wp\/v2\/product_cat?post=61268"},{"taxonomy":"product_tag","embeddable":true,"href":"https:\/\/rezekne.citro.lv\/ru\/wp-json\/wp\/v2\/product_tag?post=61268"}],"curies":[{"name":"wp","href":"https:\/\/api.w.org\/{rel}","templated":true}]}}