{"id":61272,"date":"2026-04-23T00:18:39","date_gmt":"2026-04-22T21:18:39","guid":{"rendered":"https:\/\/rezekne.citro.lv\/veikals\/limonade-disese-chernogolovka-1l-pet\/"},"modified":"2026-04-29T06:02:38","modified_gmt":"2026-04-29T03:02:38","slug":"limonade-disese-chernogolovka-1l-pet","status":"publish","type":"product","link":"https:\/\/rezekne.citro.lv\/ru\/product\/limonade-disese-chernogolovka-1l-pet\/","title":{"rendered":"LIMON\u0100DE DI\u0160ESE CHERNOGOLOVKA 1L PET"},"content":{"rendered":"<p>Izcelsmes valsts: Uzbekist\u0101na<\/p>\n","protected":false},"excerpt":{"rendered":"<p>1.49 \u20ac\/L<\/p>\n","protected":false},"featured_media":61329,"template":"","meta":{"_acf_changed":false,"inline_featured_image":false},"product_cat":[106,107],"product_tag":[],"acf":[],"aioseo_notices":[],"_links":{"self":[{"href":"https:\/\/rezekne.citro.lv\/ru\/wp-json\/wp\/v2\/product\/61272"}],"collection":[{"href":"https:\/\/rezekne.citro.lv\/ru\/wp-json\/wp\/v2\/product"}],"about":[{"href":"https:\/\/rezekne.citro.lv\/ru\/wp-json\/wp\/v2\/types\/product"}],"wp:featuredmedia":[{"embeddable":true,"href":"https:\/\/rezekne.citro.lv\/ru\/wp-json\/wp\/v2\/media\/61329"}],"wp:attachment":[{"href":"https:\/\/rezekne.citro.lv\/ru\/wp-json\/wp\/v2\/media?parent=61272"}],"wp:term":[{"taxonomy":"product_cat","embeddable":true,"href":"https:\/\/rezekne.citro.lv\/ru\/wp-json\/wp\/v2\/product_cat?post=61272"},{"taxonomy":"product_tag","embeddable":true,"href":"https:\/\/rezekne.citro.lv\/ru\/wp-json\/wp\/v2\/product_tag?post=61272"}],"curies":[{"name":"wp","href":"https:\/\/api.w.org\/{rel}","templated":true}]}}