{"id":61276,"date":"2026-03-26T00:18:07","date_gmt":"2026-03-25T22:18:07","guid":{"rendered":"https:\/\/rezekne.citro.lv\/veikals\/dzeriens-marge-mandelu-organiskais-1l\/"},"modified":"2026-04-02T06:02:19","modified_gmt":"2026-04-02T03:02:19","slug":"dzeriens-marge-mandelu-organiskais-1l","status":"publish","type":"product","link":"https:\/\/rezekne.citro.lv\/ru\/product\/dzeriens-marge-mandelu-organiskais-1l\/","title":{"rendered":"DZ\u0112RIENS MARGE MANDE\u013bU ORGANISKAIS 1L"},"content":{"rendered":"<p>Izcelsmes valsts: It\u0101lija<\/p>\n","protected":false},"excerpt":{"rendered":"<p>1.99 \u20ac\/L<\/p>\n","protected":false},"featured_media":61333,"template":"","meta":{"_acf_changed":false,"inline_featured_image":false},"product_cat":[95,547],"product_tag":[],"acf":[],"aioseo_notices":[],"_links":{"self":[{"href":"https:\/\/rezekne.citro.lv\/ru\/wp-json\/wp\/v2\/product\/61276"}],"collection":[{"href":"https:\/\/rezekne.citro.lv\/ru\/wp-json\/wp\/v2\/product"}],"about":[{"href":"https:\/\/rezekne.citro.lv\/ru\/wp-json\/wp\/v2\/types\/product"}],"wp:featuredmedia":[{"embeddable":true,"href":"https:\/\/rezekne.citro.lv\/ru\/wp-json\/wp\/v2\/media\/61333"}],"wp:attachment":[{"href":"https:\/\/rezekne.citro.lv\/ru\/wp-json\/wp\/v2\/media?parent=61276"}],"wp:term":[{"taxonomy":"product_cat","embeddable":true,"href":"https:\/\/rezekne.citro.lv\/ru\/wp-json\/wp\/v2\/product_cat?post=61276"},{"taxonomy":"product_tag","embeddable":true,"href":"https:\/\/rezekne.citro.lv\/ru\/wp-json\/wp\/v2\/product_tag?post=61276"}],"curies":[{"name":"wp","href":"https:\/\/api.w.org\/{rel}","templated":true}]}}