{"id":61279,"date":"2026-03-26T00:33:21","date_gmt":"2026-03-25T22:33:21","guid":{"rendered":"https:\/\/rezekne.citro.lv\/veikals\/sviests-kazas-piena-viegli-salits-125g\/"},"modified":"2026-03-26T00:33:21","modified_gmt":"2026-03-25T22:33:21","slug":"sviests-kazas-piena-viegli-salits-125g","status":"publish","type":"product","link":"https:\/\/rezekne.citro.lv\/ru\/product\/sviests-kazas-piena-viegli-salits-125g\/","title":{"rendered":"SVIESTS KAZAS PIENA VIEGLI S\u0100L\u012aTS 125G"},"content":{"rendered":"<p>Izcelsmes valsts: N\u012bderlande<\/p>\n","protected":false},"excerpt":{"rendered":"<p>19.12 \u20ac\/KG<\/p>\n","protected":false},"featured_media":67432,"template":"","meta":{"_acf_changed":false,"inline_featured_image":false},"product_cat":[95,152],"product_tag":[],"acf":[],"aioseo_notices":[],"_links":{"self":[{"href":"https:\/\/rezekne.citro.lv\/ru\/wp-json\/wp\/v2\/product\/61279"}],"collection":[{"href":"https:\/\/rezekne.citro.lv\/ru\/wp-json\/wp\/v2\/product"}],"about":[{"href":"https:\/\/rezekne.citro.lv\/ru\/wp-json\/wp\/v2\/types\/product"}],"wp:featuredmedia":[{"embeddable":true,"href":"https:\/\/rezekne.citro.lv\/ru\/wp-json\/wp\/v2\/media\/67432"}],"wp:attachment":[{"href":"https:\/\/rezekne.citro.lv\/ru\/wp-json\/wp\/v2\/media?parent=61279"}],"wp:term":[{"taxonomy":"product_cat","embeddable":true,"href":"https:\/\/rezekne.citro.lv\/ru\/wp-json\/wp\/v2\/product_cat?post=61279"},{"taxonomy":"product_tag","embeddable":true,"href":"https:\/\/rezekne.citro.lv\/ru\/wp-json\/wp\/v2\/product_tag?post=61279"}],"curies":[{"name":"wp","href":"https:\/\/api.w.org\/{rel}","templated":true}]}}