{"id":61428,"date":"2026-03-26T00:31:46","date_gmt":"2026-03-25T22:31:46","guid":{"rendered":"https:\/\/rezekne.citro.lv\/veikals\/tomatu-merce-dimdini-250g\/"},"modified":"2026-04-07T06:02:28","modified_gmt":"2026-04-07T03:02:28","slug":"tomatu-merce-dimdini-250g","status":"publish","type":"product","link":"https:\/\/rezekne.citro.lv\/ru\/product\/tomatu-merce-dimdini-250g\/","title":{"rendered":"TOM\u0100TU M\u0112RCE DIMDI\u0145I 250G"},"content":{"rendered":"<p>Izcelsmes valsts: Latvija<\/p>\n","protected":false},"excerpt":{"rendered":"<p>5.56 \u20ac\/KG<\/p>\n","protected":false},"featured_media":61532,"template":"","meta":{"_acf_changed":false,"inline_featured_image":false},"product_cat":[116,533],"product_tag":[],"acf":[],"aioseo_notices":[],"_links":{"self":[{"href":"https:\/\/rezekne.citro.lv\/ru\/wp-json\/wp\/v2\/product\/61428"}],"collection":[{"href":"https:\/\/rezekne.citro.lv\/ru\/wp-json\/wp\/v2\/product"}],"about":[{"href":"https:\/\/rezekne.citro.lv\/ru\/wp-json\/wp\/v2\/types\/product"}],"wp:featuredmedia":[{"embeddable":true,"href":"https:\/\/rezekne.citro.lv\/ru\/wp-json\/wp\/v2\/media\/61532"}],"wp:attachment":[{"href":"https:\/\/rezekne.citro.lv\/ru\/wp-json\/wp\/v2\/media?parent=61428"}],"wp:term":[{"taxonomy":"product_cat","embeddable":true,"href":"https:\/\/rezekne.citro.lv\/ru\/wp-json\/wp\/v2\/product_cat?post=61428"},{"taxonomy":"product_tag","embeddable":true,"href":"https:\/\/rezekne.citro.lv\/ru\/wp-json\/wp\/v2\/product_tag?post=61428"}],"curies":[{"name":"wp","href":"https:\/\/api.w.org\/{rel}","templated":true}]}}