{"id":61453,"date":"2026-04-09T00:06:39","date_gmt":"2026-04-08T21:06:39","guid":{"rendered":"https:\/\/rezekne.citro.lv\/veikals\/cala-pussparni-gardezu-marinade-400g\/"},"modified":"2026-04-09T00:06:45","modified_gmt":"2026-04-08T21:06:45","slug":"cala-pussparni-gardezu-marinade-400g","status":"publish","type":"product","link":"https:\/\/rezekne.citro.lv\/ru\/product\/cala-pussparni-gardezu-marinade-400g\/","title":{"rendered":"C\u0100\u013bA PUSSP\u0100RNI GARD\u0112\u017dU MARIN\u0100D\u0112 400G LIDO"},"content":{"rendered":"<p>Izcelsmes valsts: Latvija<\/p>\n","protected":false},"excerpt":{"rendered":"<p>7.23 \u20ac\/KG<\/p>\n","protected":false},"featured_media":61533,"template":"","meta":{"_acf_changed":false,"inline_featured_image":false},"product_cat":[135,182],"product_tag":[],"acf":[],"aioseo_notices":[],"_links":{"self":[{"href":"https:\/\/rezekne.citro.lv\/ru\/wp-json\/wp\/v2\/product\/61453"}],"collection":[{"href":"https:\/\/rezekne.citro.lv\/ru\/wp-json\/wp\/v2\/product"}],"about":[{"href":"https:\/\/rezekne.citro.lv\/ru\/wp-json\/wp\/v2\/types\/product"}],"wp:featuredmedia":[{"embeddable":true,"href":"https:\/\/rezekne.citro.lv\/ru\/wp-json\/wp\/v2\/media\/61533"}],"wp:attachment":[{"href":"https:\/\/rezekne.citro.lv\/ru\/wp-json\/wp\/v2\/media?parent=61453"}],"wp:term":[{"taxonomy":"product_cat","embeddable":true,"href":"https:\/\/rezekne.citro.lv\/ru\/wp-json\/wp\/v2\/product_cat?post=61453"},{"taxonomy":"product_tag","embeddable":true,"href":"https:\/\/rezekne.citro.lv\/ru\/wp-json\/wp\/v2\/product_tag?post=61453"}],"curies":[{"name":"wp","href":"https:\/\/api.w.org\/{rel}","templated":true}]}}