{"id":61457,"date":"2025-02-27T00:57:42","date_gmt":"2025-02-26T22:57:42","guid":{"rendered":"https:\/\/rezekne.citro.lv\/veikals\/grozini-pildisanai-10gab-95g\/"},"modified":"2025-03-19T06:22:58","modified_gmt":"2025-03-19T04:22:58","slug":"grozini-pildisanai-10gab-95g","status":"publish","type":"product","link":"https:\/\/rezekne.citro.lv\/ru\/product\/grozini-pildisanai-10gab-95g\/","title":{"rendered":"GROZI\u0145I PILD\u012a\u0160ANAI 12GAB.100G"},"content":{"rendered":"<p>Izcelsmes valsts: Ukraina<\/p>\n","protected":false},"excerpt":{"rendered":"<p>15.90 \u20ac\/KG<\/p>\n","protected":false},"featured_media":61627,"template":"","meta":{"_acf_changed":false,"inline_featured_image":false},"product_cat":[109,110],"product_tag":[],"acf":[],"aioseo_notices":[],"_links":{"self":[{"href":"https:\/\/rezekne.citro.lv\/ru\/wp-json\/wp\/v2\/product\/61457"}],"collection":[{"href":"https:\/\/rezekne.citro.lv\/ru\/wp-json\/wp\/v2\/product"}],"about":[{"href":"https:\/\/rezekne.citro.lv\/ru\/wp-json\/wp\/v2\/types\/product"}],"wp:featuredmedia":[{"embeddable":true,"href":"https:\/\/rezekne.citro.lv\/ru\/wp-json\/wp\/v2\/media\/61627"}],"wp:attachment":[{"href":"https:\/\/rezekne.citro.lv\/ru\/wp-json\/wp\/v2\/media?parent=61457"}],"wp:term":[{"taxonomy":"product_cat","embeddable":true,"href":"https:\/\/rezekne.citro.lv\/ru\/wp-json\/wp\/v2\/product_cat?post=61457"},{"taxonomy":"product_tag","embeddable":true,"href":"https:\/\/rezekne.citro.lv\/ru\/wp-json\/wp\/v2\/product_tag?post=61457"}],"curies":[{"name":"wp","href":"https:\/\/api.w.org\/{rel}","templated":true}]}}