{"id":61474,"date":"2026-05-07T00:05:01","date_gmt":"2026-05-06T21:05:01","guid":{"rendered":"https:\/\/rezekne.citro.lv\/veikals\/mineraludens-nabeghlavi-gazets-1l-pet\/"},"modified":"2026-05-15T06:03:21","modified_gmt":"2026-05-15T03:03:21","slug":"mineraludens-nabeghlavi-gazets-1l-pet","status":"publish","type":"product","link":"https:\/\/rezekne.citro.lv\/ru\/product\/mineraludens-nabeghlavi-gazets-1l-pet\/","title":{"rendered":"MINER\u0100L\u016aDENS NABEGHLAVI G\u0100Z\u0112TS 1L PET"},"content":{"rendered":"<p>Izcelsmes valsts: Gruzija<\/p>\n","protected":false},"excerpt":{"rendered":"<p>1.05 \u20ac\/L<\/p>\n","protected":false},"featured_media":61552,"template":"","meta":{"_acf_changed":false,"inline_featured_image":false},"product_cat":[106,186],"product_tag":[],"acf":[],"aioseo_notices":[],"_links":{"self":[{"href":"https:\/\/rezekne.citro.lv\/ru\/wp-json\/wp\/v2\/product\/61474"}],"collection":[{"href":"https:\/\/rezekne.citro.lv\/ru\/wp-json\/wp\/v2\/product"}],"about":[{"href":"https:\/\/rezekne.citro.lv\/ru\/wp-json\/wp\/v2\/types\/product"}],"wp:featuredmedia":[{"embeddable":true,"href":"https:\/\/rezekne.citro.lv\/ru\/wp-json\/wp\/v2\/media\/61552"}],"wp:attachment":[{"href":"https:\/\/rezekne.citro.lv\/ru\/wp-json\/wp\/v2\/media?parent=61474"}],"wp:term":[{"taxonomy":"product_cat","embeddable":true,"href":"https:\/\/rezekne.citro.lv\/ru\/wp-json\/wp\/v2\/product_cat?post=61474"},{"taxonomy":"product_tag","embeddable":true,"href":"https:\/\/rezekne.citro.lv\/ru\/wp-json\/wp\/v2\/product_tag?post=61474"}],"curies":[{"name":"wp","href":"https:\/\/api.w.org\/{rel}","templated":true}]}}