{"id":61481,"date":"2026-03-26T00:31:46","date_gmt":"2026-03-25T22:31:46","guid":{"rendered":"https:\/\/rezekne.citro.lv\/veikals\/mikla-kartaina-rauga-cristella-400g\/"},"modified":"2026-04-06T06:02:48","modified_gmt":"2026-04-06T03:02:48","slug":"mikla-kartaina-rauga-cristella-400g","status":"publish","type":"product","link":"https:\/\/rezekne.citro.lv\/ru\/product\/mikla-kartaina-rauga-cristella-400g\/","title":{"rendered":"M\u012aKLA K\u0100RTAIN\u0100 RAUGA CRISTELLA 400G"},"content":{"rendered":"<p>Izcelsmes valsts: Igaunija<\/p>\n","protected":false},"excerpt":{"rendered":"<p>4.73 \u20ac\/KG<\/p>\n","protected":false},"featured_media":61561,"template":"","meta":{"_acf_changed":false,"inline_featured_image":false},"product_cat":[231,232],"product_tag":[],"acf":[],"aioseo_notices":[],"_links":{"self":[{"href":"https:\/\/rezekne.citro.lv\/ru\/wp-json\/wp\/v2\/product\/61481"}],"collection":[{"href":"https:\/\/rezekne.citro.lv\/ru\/wp-json\/wp\/v2\/product"}],"about":[{"href":"https:\/\/rezekne.citro.lv\/ru\/wp-json\/wp\/v2\/types\/product"}],"wp:featuredmedia":[{"embeddable":true,"href":"https:\/\/rezekne.citro.lv\/ru\/wp-json\/wp\/v2\/media\/61561"}],"wp:attachment":[{"href":"https:\/\/rezekne.citro.lv\/ru\/wp-json\/wp\/v2\/media?parent=61481"}],"wp:term":[{"taxonomy":"product_cat","embeddable":true,"href":"https:\/\/rezekne.citro.lv\/ru\/wp-json\/wp\/v2\/product_cat?post=61481"},{"taxonomy":"product_tag","embeddable":true,"href":"https:\/\/rezekne.citro.lv\/ru\/wp-json\/wp\/v2\/product_tag?post=61481"}],"curies":[{"name":"wp","href":"https:\/\/api.w.org\/{rel}","templated":true}]}}