{"id":61484,"date":"2026-04-09T00:06:10","date_gmt":"2026-04-08T21:06:10","guid":{"rendered":"https:\/\/rezekne.citro.lv\/veikals\/cisini-tradicionalie-430g-kgs\/"},"modified":"2026-04-09T06:03:51","modified_gmt":"2026-04-09T03:03:51","slug":"cisini-tradicionalie-430g-kgs","status":"publish","type":"product","link":"https:\/\/rezekne.citro.lv\/ru\/product\/cisini-tradicionalie-430g-kgs\/","title":{"rendered":"C\u012aSI\u0145I TRADICION\u0100LIE 430G KGS"},"content":{"rendered":"<p>Izcelsmes valsts: Latvija<\/p>\n","protected":false},"excerpt":{"rendered":"<p>3.47 \u20ac\/KG<\/p>\n","protected":false},"featured_media":75106,"template":"","meta":{"_acf_changed":false,"inline_featured_image":false},"product_cat":[135,192],"product_tag":[],"acf":[],"aioseo_notices":[],"_links":{"self":[{"href":"https:\/\/rezekne.citro.lv\/ru\/wp-json\/wp\/v2\/product\/61484"}],"collection":[{"href":"https:\/\/rezekne.citro.lv\/ru\/wp-json\/wp\/v2\/product"}],"about":[{"href":"https:\/\/rezekne.citro.lv\/ru\/wp-json\/wp\/v2\/types\/product"}],"wp:featuredmedia":[{"embeddable":true,"href":"https:\/\/rezekne.citro.lv\/ru\/wp-json\/wp\/v2\/media\/75106"}],"wp:attachment":[{"href":"https:\/\/rezekne.citro.lv\/ru\/wp-json\/wp\/v2\/media?parent=61484"}],"wp:term":[{"taxonomy":"product_cat","embeddable":true,"href":"https:\/\/rezekne.citro.lv\/ru\/wp-json\/wp\/v2\/product_cat?post=61484"},{"taxonomy":"product_tag","embeddable":true,"href":"https:\/\/rezekne.citro.lv\/ru\/wp-json\/wp\/v2\/product_tag?post=61484"}],"curies":[{"name":"wp","href":"https:\/\/api.w.org\/{rel}","templated":true}]}}