{"id":61495,"date":"2026-03-26T00:34:48","date_gmt":"2026-03-25T22:34:48","guid":{"rendered":"https:\/\/rezekne.citro.lv\/veikals\/mikla-kartaina-cristella-400g\/"},"modified":"2026-04-04T06:25:14","modified_gmt":"2026-04-04T03:25:14","slug":"mikla-kartaina-cristella-400g","status":"publish","type":"product","link":"https:\/\/rezekne.citro.lv\/ru\/product\/mikla-kartaina-cristella-400g\/","title":{"rendered":"M\u012aKLA K\u0100RTAIN\u0100 CRISTELLA 400G"},"content":{"rendered":"<p>Izcelsmes valsts: Igaunija<\/p>\n","protected":false},"excerpt":{"rendered":"<p>4.73 \u20ac\/KG<\/p>\n","protected":false},"featured_media":61699,"template":"","meta":{"_acf_changed":false,"inline_featured_image":false},"product_cat":[231,232],"product_tag":[],"acf":[],"aioseo_notices":[],"_links":{"self":[{"href":"https:\/\/rezekne.citro.lv\/ru\/wp-json\/wp\/v2\/product\/61495"}],"collection":[{"href":"https:\/\/rezekne.citro.lv\/ru\/wp-json\/wp\/v2\/product"}],"about":[{"href":"https:\/\/rezekne.citro.lv\/ru\/wp-json\/wp\/v2\/types\/product"}],"wp:featuredmedia":[{"embeddable":true,"href":"https:\/\/rezekne.citro.lv\/ru\/wp-json\/wp\/v2\/media\/61699"}],"wp:attachment":[{"href":"https:\/\/rezekne.citro.lv\/ru\/wp-json\/wp\/v2\/media?parent=61495"}],"wp:term":[{"taxonomy":"product_cat","embeddable":true,"href":"https:\/\/rezekne.citro.lv\/ru\/wp-json\/wp\/v2\/product_cat?post=61495"},{"taxonomy":"product_tag","embeddable":true,"href":"https:\/\/rezekne.citro.lv\/ru\/wp-json\/wp\/v2\/product_tag?post=61495"}],"curies":[{"name":"wp","href":"https:\/\/api.w.org\/{rel}","templated":true}]}}