{"id":61511,"date":"2026-01-29T00:19:24","date_gmt":"2026-01-28T22:19:24","guid":{"rendered":"https:\/\/rezekne.citro.lv\/veikals\/cepumi-beze-ar-sokoladi-60g-laci\/"},"modified":"2026-01-29T00:19:30","modified_gmt":"2026-01-28T22:19:30","slug":"cepumi-beze-ar-sokoladi-60g-laci","status":"publish","type":"product","link":"https:\/\/rezekne.citro.lv\/ru\/product\/cepumi-beze-ar-sokoladi-60g-laci\/","title":{"rendered":"CEPUMI B\u0112ZE AR \u0160OKOL\u0100DI 60G L\u0100\u010cI"},"content":{"rendered":"<p>Izcelsmes valsts: Latvija<\/p>\n","protected":false},"excerpt":{"rendered":"<p>38.17 \u20ac\/KG<\/p>\n","protected":false},"featured_media":61599,"template":"","meta":{"_acf_changed":false,"inline_featured_image":false},"product_cat":[125,139],"product_tag":[],"acf":[],"aioseo_notices":[],"_links":{"self":[{"href":"https:\/\/rezekne.citro.lv\/ru\/wp-json\/wp\/v2\/product\/61511"}],"collection":[{"href":"https:\/\/rezekne.citro.lv\/ru\/wp-json\/wp\/v2\/product"}],"about":[{"href":"https:\/\/rezekne.citro.lv\/ru\/wp-json\/wp\/v2\/types\/product"}],"wp:featuredmedia":[{"embeddable":true,"href":"https:\/\/rezekne.citro.lv\/ru\/wp-json\/wp\/v2\/media\/61599"}],"wp:attachment":[{"href":"https:\/\/rezekne.citro.lv\/ru\/wp-json\/wp\/v2\/media?parent=61511"}],"wp:term":[{"taxonomy":"product_cat","embeddable":true,"href":"https:\/\/rezekne.citro.lv\/ru\/wp-json\/wp\/v2\/product_cat?post=61511"},{"taxonomy":"product_tag","embeddable":true,"href":"https:\/\/rezekne.citro.lv\/ru\/wp-json\/wp\/v2\/product_tag?post=61511"}],"curies":[{"name":"wp","href":"https:\/\/api.w.org\/{rel}","templated":true}]}}