{"id":61616,"date":"2026-02-11T00:02:07","date_gmt":"2026-02-10T22:02:07","guid":{"rendered":"https:\/\/rezekne.citro.lv\/veikals\/udens-dzeramais-aqua-negazets-5l\/"},"modified":"2026-04-13T06:02:24","modified_gmt":"2026-04-13T03:02:24","slug":"udens-dzeramais-aqua-negazets-5l","status":"publish","type":"product","link":"https:\/\/rezekne.citro.lv\/ru\/product\/udens-dzeramais-aqua-negazets-5l\/","title":{"rendered":"\u016aDENS DZERAMAIS AQUA NEG\u0100Z\u0112TS 5L"},"content":{"rendered":"<p>Izcelsmes valsts: Latvija<\/p>\n","protected":false},"excerpt":{"rendered":"<p>0.20 \u20ac\/L<\/p>\n","protected":false},"featured_media":61622,"template":"","meta":{"_acf_changed":false,"inline_featured_image":false},"product_cat":[106,186],"product_tag":[],"acf":[],"aioseo_notices":[],"_links":{"self":[{"href":"https:\/\/rezekne.citro.lv\/ru\/wp-json\/wp\/v2\/product\/61616"}],"collection":[{"href":"https:\/\/rezekne.citro.lv\/ru\/wp-json\/wp\/v2\/product"}],"about":[{"href":"https:\/\/rezekne.citro.lv\/ru\/wp-json\/wp\/v2\/types\/product"}],"wp:featuredmedia":[{"embeddable":true,"href":"https:\/\/rezekne.citro.lv\/ru\/wp-json\/wp\/v2\/media\/61622"}],"wp:attachment":[{"href":"https:\/\/rezekne.citro.lv\/ru\/wp-json\/wp\/v2\/media?parent=61616"}],"wp:term":[{"taxonomy":"product_cat","embeddable":true,"href":"https:\/\/rezekne.citro.lv\/ru\/wp-json\/wp\/v2\/product_cat?post=61616"},{"taxonomy":"product_tag","embeddable":true,"href":"https:\/\/rezekne.citro.lv\/ru\/wp-json\/wp\/v2\/product_tag?post=61616"}],"curies":[{"name":"wp","href":"https:\/\/api.w.org\/{rel}","templated":true}]}}