{"id":61653,"date":"2026-04-23T00:05:32","date_gmt":"2026-04-22T21:05:32","guid":{"rendered":"https:\/\/rezekne.citro.lv\/veikals\/vafelu-trijsturisi-ar-sali-un-sokoladi-elephant-wafer-70g\/"},"modified":"2026-04-23T00:05:39","modified_gmt":"2026-04-22T21:05:39","slug":"vafelu-trijsturisi-ar-sali-un-sokoladi-elephant-wafer-70g","status":"publish","type":"product","link":"https:\/\/rezekne.citro.lv\/ru\/product\/vafelu-trijsturisi-ar-sali-un-sokoladi-elephant-wafer-70g\/","title":{"rendered":"VAFE\u013bU TRIJST\u016aRI\u0160I AR S\u0100LI UN \u0160OKOL\u0100DI ELEPHANT WAFER 70G"},"content":{"rendered":"<p>Izcelsmes valsts: Lietuva<\/p>\n","protected":false},"excerpt":{"rendered":"<p>14.14 \u20ac\/KG<\/p>\n","protected":false},"featured_media":62199,"template":"","meta":{"_acf_changed":false,"inline_featured_image":false},"product_cat":[125,139],"product_tag":[],"acf":[],"aioseo_notices":[],"_links":{"self":[{"href":"https:\/\/rezekne.citro.lv\/ru\/wp-json\/wp\/v2\/product\/61653"}],"collection":[{"href":"https:\/\/rezekne.citro.lv\/ru\/wp-json\/wp\/v2\/product"}],"about":[{"href":"https:\/\/rezekne.citro.lv\/ru\/wp-json\/wp\/v2\/types\/product"}],"wp:featuredmedia":[{"embeddable":true,"href":"https:\/\/rezekne.citro.lv\/ru\/wp-json\/wp\/v2\/media\/62199"}],"wp:attachment":[{"href":"https:\/\/rezekne.citro.lv\/ru\/wp-json\/wp\/v2\/media?parent=61653"}],"wp:term":[{"taxonomy":"product_cat","embeddable":true,"href":"https:\/\/rezekne.citro.lv\/ru\/wp-json\/wp\/v2\/product_cat?post=61653"},{"taxonomy":"product_tag","embeddable":true,"href":"https:\/\/rezekne.citro.lv\/ru\/wp-json\/wp\/v2\/product_tag?post=61653"}],"curies":[{"name":"wp","href":"https:\/\/api.w.org\/{rel}","templated":true}]}}