{"id":61655,"date":"2026-04-20T00:02:16","date_gmt":"2026-04-19T21:02:16","guid":{"rendered":"https:\/\/rezekne.citro.lv\/veikals\/salati-grauzdinu-sver\/"},"modified":"2026-05-11T06:02:08","modified_gmt":"2026-05-11T03:02:08","slug":"salati-grauzdinu-sver","status":"publish","type":"product","link":"https:\/\/rezekne.citro.lv\/ru\/product\/salati-grauzdinu-sver\/","title":{"rendered":"SAL\u0100TI GRAUZDI\u0145U SVER."},"content":{"rendered":"<p>Izcelsmes valsts: Latvija<br \/>Sast\u0101vda\u013cas:pupi\u0146as v\u0101r\u012btas: majon\u0113ze ((saulespu\u0137u e\u013c\u013ca , dzeramais \u016bdens,cukurs,  OLU dzeltenums, v\u0101r\u0101m\u0101 s\u0101ls,emulgators(ciete), sk\u0101buma regul\u0113t\u0101ji (eti\u0137sk\u0101be, citronsk\u0101be),dabiskas izcelsmes stabilizatori(ksant\u0101na sve\u0137i), konservants (k\u0101lija sorb\u0101ts), aromatiz\u0113t\u0101js SINEPES, antioksidants(E385), dabig\u0101 kr\u0101sviela (B- karot\u012bns)):gur\u0137i svaigi: rulete kap\u0101t\u0101 \u0161\u0137i\u0146\u0137a karsti k\u016bpin\u0101ta((c\u016bkga\u013ca 58%, \u016bdens,c\u016bkas spe\u0137is, kartupe\u013cu ciete, hidrogin\u0113ts glikozes s\u012brups,ciete, stabilizet\u0101js E451, s\u0101ls,  biezin\u0101t\u0101js E407,  dz\u012bvnieku izcelsmes olbaltumvielas(c\u016bku),saharoze, antioksidanti E316, E301, E300,augu(SOJAS ce\u013cmal\u012btes) \u0161\u0137iedrvielas, SOJAS olbaltumvielu izol\u0101ts, sk\u0101buma regul\u0113t\u0101ji E262, E330, k\u016bpin\u0101\u0161anas aromatiz\u0113t\u0101js, dekstroze, konservants E 251, kr\u0101sviela E120,. Ga\u013cas izejvielas izcelsme ES)): izstr\u0101d\u0101jums uz  augu tauku b\u0101zes (sausn\u0101 min.45%)(( \u016bdens, augu tauki 25%,palmu e\u013c\u013ca, da\u013c\u0113ji hidrogen\u0113ta palmu e\u013c\u013ca, kartupe\u013cu ciete, PIENA olbaltumvielas, v\u0101r\u0101m\u0101 s\u0101ls, emulgatori (E452, E450); sk\u0101buma regul\u0113t\u0101js (E330, E331):biezin\u0101t\u0101js karagin\u0101ns, aromatiz\u0113t\u0101js (satur PIENU); kr\u0101sviela karot\u012bni)):rupjmaizes grauzdi\u0146i 12% (KVIE\u0160U milti, dzeramais \u016bdens, skrot\u0113tie RUDZU milti, melase,s\u0101ls,  svaigs maizes raugs ):saulespu\u0137u e\u013c\u013ca rafin\u0113ta, \u0137iploki)):puravi:s\u0101ls  Uzglab\u0101\u0161anas temperat\u016bra,+2-+6C Inform\u0101cija par uzturv\u0113rt\u012bbu. 100 g produkta satur: ener\u0123\u0113tisk\u0101 v\u0113rt\u012bba 1125 kJ \/ 271kcal; tauki 19.9g, tostarp pies\u0101tin\u0101t\u0101s tauksk\u0101bes 3.7g; og\u013chidr\u0101ti 16.3g, tostarp cukuri 1.2g; \u0161\u0137iedrvielas 2.5g; olbaltumvielas 5.4g; s\u0101ls 0.9g. Ra\u017eot\u0101js: SIA Lekon, Varo\u0146u iela 36b, R\u0113zekne<\/p>\n","protected":false},"excerpt":{"rendered":"<p>6.29 \u20ac\/KG<\/p>\n","protected":false},"featured_media":0,"template":"","meta":{"_acf_changed":false,"inline_featured_image":false},"product_cat":[113,212],"product_tag":[],"acf":[],"aioseo_notices":[],"_links":{"self":[{"href":"https:\/\/rezekne.citro.lv\/ru\/wp-json\/wp\/v2\/product\/61655"}],"collection":[{"href":"https:\/\/rezekne.citro.lv\/ru\/wp-json\/wp\/v2\/product"}],"about":[{"href":"https:\/\/rezekne.citro.lv\/ru\/wp-json\/wp\/v2\/types\/product"}],"wp:attachment":[{"href":"https:\/\/rezekne.citro.lv\/ru\/wp-json\/wp\/v2\/media?parent=61655"}],"wp:term":[{"taxonomy":"product_cat","embeddable":true,"href":"https:\/\/rezekne.citro.lv\/ru\/wp-json\/wp\/v2\/product_cat?post=61655"},{"taxonomy":"product_tag","embeddable":true,"href":"https:\/\/rezekne.citro.lv\/ru\/wp-json\/wp\/v2\/product_tag?post=61655"}],"curies":[{"name":"wp","href":"https:\/\/api.w.org\/{rel}","templated":true}]}}