{"id":61782,"date":"2025-05-22T00:02:19","date_gmt":"2025-05-21T21:02:19","guid":{"rendered":"https:\/\/rezekne.citro.lv\/veikals\/skuveklis-gillette-sensor-3-ss-viriesiem-ar-6-kasetem\/"},"modified":"2025-05-22T00:05:13","modified_gmt":"2025-05-21T21:05:13","slug":"skuveklis-gillette-sensor-3-ss-viriesiem-ar-6-kasetem","status":"publish","type":"product","link":"https:\/\/rezekne.citro.lv\/ru\/product\/skuveklis-gillette-sensor-3-ss-viriesiem-ar-6-kasetem\/","title":{"rendered":"SKUVEKLIS  GILLETTE SENSOR 3 SS V\u012aRIE\u0160IEM AR 6 KASET\u0112M"},"content":{"rendered":"","protected":false},"excerpt":{"rendered":"","protected":false},"featured_media":61814,"template":"","meta":{"_acf_changed":false,"inline_featured_image":false},"product_cat":[127,170],"product_tag":[],"acf":[],"aioseo_notices":[],"_links":{"self":[{"href":"https:\/\/rezekne.citro.lv\/ru\/wp-json\/wp\/v2\/product\/61782"}],"collection":[{"href":"https:\/\/rezekne.citro.lv\/ru\/wp-json\/wp\/v2\/product"}],"about":[{"href":"https:\/\/rezekne.citro.lv\/ru\/wp-json\/wp\/v2\/types\/product"}],"wp:featuredmedia":[{"embeddable":true,"href":"https:\/\/rezekne.citro.lv\/ru\/wp-json\/wp\/v2\/media\/61814"}],"wp:attachment":[{"href":"https:\/\/rezekne.citro.lv\/ru\/wp-json\/wp\/v2\/media?parent=61782"}],"wp:term":[{"taxonomy":"product_cat","embeddable":true,"href":"https:\/\/rezekne.citro.lv\/ru\/wp-json\/wp\/v2\/product_cat?post=61782"},{"taxonomy":"product_tag","embeddable":true,"href":"https:\/\/rezekne.citro.lv\/ru\/wp-json\/wp\/v2\/product_tag?post=61782"}],"curies":[{"name":"wp","href":"https:\/\/api.w.org\/{rel}","templated":true}]}}