{"id":61784,"date":"2026-03-26T00:01:55","date_gmt":"2026-03-25T22:01:55","guid":{"rendered":"https:\/\/rezekne.citro.lv\/veikals\/saulespuku-seklas-y-e-s-stripainas-ar-sali-300g\/"},"modified":"2026-04-06T06:00:07","modified_gmt":"2026-04-06T03:00:07","slug":"saulespuku-seklas-y-e-s-stripainas-ar-sali-300g","status":"publish","type":"product","link":"https:\/\/rezekne.citro.lv\/ru\/product\/saulespuku-seklas-y-e-s-stripainas-ar-sali-300g\/","title":{"rendered":"SAULESPU\u0136U S\u0112KLAS Y.E.S. STR\u012aPAIN\u0100S AR S\u0100LI 300G"},"content":{"rendered":"<p>Izcelsmes valsts: Lietuva<\/p>\n","protected":false},"excerpt":{"rendered":"<p>9.30 \u20ac\/KG<\/p>\n","protected":false},"featured_media":61816,"template":"","meta":{"_acf_changed":false,"inline_featured_image":false},"product_cat":[125,197],"product_tag":[],"acf":[],"aioseo_notices":[],"_links":{"self":[{"href":"https:\/\/rezekne.citro.lv\/ru\/wp-json\/wp\/v2\/product\/61784"}],"collection":[{"href":"https:\/\/rezekne.citro.lv\/ru\/wp-json\/wp\/v2\/product"}],"about":[{"href":"https:\/\/rezekne.citro.lv\/ru\/wp-json\/wp\/v2\/types\/product"}],"wp:featuredmedia":[{"embeddable":true,"href":"https:\/\/rezekne.citro.lv\/ru\/wp-json\/wp\/v2\/media\/61816"}],"wp:attachment":[{"href":"https:\/\/rezekne.citro.lv\/ru\/wp-json\/wp\/v2\/media?parent=61784"}],"wp:term":[{"taxonomy":"product_cat","embeddable":true,"href":"https:\/\/rezekne.citro.lv\/ru\/wp-json\/wp\/v2\/product_cat?post=61784"},{"taxonomy":"product_tag","embeddable":true,"href":"https:\/\/rezekne.citro.lv\/ru\/wp-json\/wp\/v2\/product_tag?post=61784"}],"curies":[{"name":"wp","href":"https:\/\/api.w.org\/{rel}","templated":true}]}}