{"id":61788,"date":"2026-05-07T00:06:05","date_gmt":"2026-05-06T21:06:05","guid":{"rendered":"https:\/\/rezekne.citro.lv\/veikals\/jogurts-baltais-ar-zemenu-garsu-un-c-vitaminu-300g\/"},"modified":"2026-05-15T06:04:21","modified_gmt":"2026-05-15T03:04:21","slug":"jogurts-baltais-ar-zemenu-garsu-un-c-vitaminu-300g","status":"publish","type":"product","link":"https:\/\/rezekne.citro.lv\/ru\/product\/jogurts-baltais-ar-zemenu-garsu-un-c-vitaminu-300g\/","title":{"rendered":"JOGURTS BALTAIS AR ZEME\u0145U GAR\u0160U UN C VITAM\u012aNU 300G"},"content":{"rendered":"<p>Izcelsmes valsts: Latvija<\/p>\n","protected":false},"excerpt":{"rendered":"<p>2.97 \u20ac\/KG<\/p>\n","protected":false},"featured_media":61826,"template":"","meta":{"_acf_changed":false,"inline_featured_image":false},"product_cat":[95,100],"product_tag":[],"acf":[],"aioseo_notices":[],"_links":{"self":[{"href":"https:\/\/rezekne.citro.lv\/ru\/wp-json\/wp\/v2\/product\/61788"}],"collection":[{"href":"https:\/\/rezekne.citro.lv\/ru\/wp-json\/wp\/v2\/product"}],"about":[{"href":"https:\/\/rezekne.citro.lv\/ru\/wp-json\/wp\/v2\/types\/product"}],"wp:featuredmedia":[{"embeddable":true,"href":"https:\/\/rezekne.citro.lv\/ru\/wp-json\/wp\/v2\/media\/61826"}],"wp:attachment":[{"href":"https:\/\/rezekne.citro.lv\/ru\/wp-json\/wp\/v2\/media?parent=61788"}],"wp:term":[{"taxonomy":"product_cat","embeddable":true,"href":"https:\/\/rezekne.citro.lv\/ru\/wp-json\/wp\/v2\/product_cat?post=61788"},{"taxonomy":"product_tag","embeddable":true,"href":"https:\/\/rezekne.citro.lv\/ru\/wp-json\/wp\/v2\/product_tag?post=61788"}],"curies":[{"name":"wp","href":"https:\/\/api.w.org\/{rel}","templated":true}]}}