{"id":61859,"date":"2024-10-24T09:23:35","date_gmt":"2024-10-24T06:23:35","guid":{"rendered":"https:\/\/rezekne.citro.lv\/veikals\/rasolniks-ar-perlu-grubam-frauenburgas-gardumi-500g\/"},"modified":"2026-03-27T09:03:07","modified_gmt":"2026-03-27T07:03:07","slug":"rasolniks-ar-perlu-grubam-frauenburgas-gardumi-500g","status":"publish","type":"product","link":"https:\/\/rezekne.citro.lv\/ru\/product\/rasolniks-ar-perlu-grubam-frauenburgas-gardumi-500g\/","title":{"rendered":"RASO\u013b\u0145IKS AR P\u0112R\u013bU GR\u016aB\u0100M FRAUENBURGAS GARDUMI 500G"},"content":{"rendered":"<p>Izcelsmes valsts: Latvija<\/p>\n","protected":false},"excerpt":{"rendered":"<p>4.58 \u20ac\/KG<\/p>\n","protected":false},"featured_media":62033,"template":"","meta":{"_acf_changed":false,"inline_featured_image":false},"product_cat":[103,137],"product_tag":[],"acf":[],"aioseo_notices":[],"_links":{"self":[{"href":"https:\/\/rezekne.citro.lv\/ru\/wp-json\/wp\/v2\/product\/61859"}],"collection":[{"href":"https:\/\/rezekne.citro.lv\/ru\/wp-json\/wp\/v2\/product"}],"about":[{"href":"https:\/\/rezekne.citro.lv\/ru\/wp-json\/wp\/v2\/types\/product"}],"wp:featuredmedia":[{"embeddable":true,"href":"https:\/\/rezekne.citro.lv\/ru\/wp-json\/wp\/v2\/media\/62033"}],"wp:attachment":[{"href":"https:\/\/rezekne.citro.lv\/ru\/wp-json\/wp\/v2\/media?parent=61859"}],"wp:term":[{"taxonomy":"product_cat","embeddable":true,"href":"https:\/\/rezekne.citro.lv\/ru\/wp-json\/wp\/v2\/product_cat?post=61859"},{"taxonomy":"product_tag","embeddable":true,"href":"https:\/\/rezekne.citro.lv\/ru\/wp-json\/wp\/v2\/product_tag?post=61859"}],"curies":[{"name":"wp","href":"https:\/\/api.w.org\/{rel}","templated":true}]}}