{"id":61954,"date":"2026-03-24T00:02:22","date_gmt":"2026-03-23T22:02:22","guid":{"rendered":"https:\/\/rezekne.citro.lv\/veikals\/silkes-fileja-zigmas-matjes-ella-240g-199g\/"},"modified":"2026-03-24T00:02:27","modified_gmt":"2026-03-23T22:02:27","slug":"silkes-fileja-zigmas-matjes-ella-240g-199g","status":"publish","type":"product","link":"https:\/\/rezekne.citro.lv\/ru\/product\/silkes-fileja-zigmas-matjes-ella-240g-199g\/","title":{"rendered":"SI\u013b\u0136ES FILEJA ZIGMAS MATJES E\u013b\u013b\u0100 240G\/199G"},"content":{"rendered":"<p>Izcelsmes valsts: Lietuva<\/p>\n","protected":false},"excerpt":{"rendered":"<p>13.02 \u20ac\/KG<\/p>\n","protected":false},"featured_media":62022,"template":"","meta":{"_acf_changed":false,"inline_featured_image":false},"product_cat":[135,136],"product_tag":[],"acf":[],"aioseo_notices":[],"_links":{"self":[{"href":"https:\/\/rezekne.citro.lv\/ru\/wp-json\/wp\/v2\/product\/61954"}],"collection":[{"href":"https:\/\/rezekne.citro.lv\/ru\/wp-json\/wp\/v2\/product"}],"about":[{"href":"https:\/\/rezekne.citro.lv\/ru\/wp-json\/wp\/v2\/types\/product"}],"wp:featuredmedia":[{"embeddable":true,"href":"https:\/\/rezekne.citro.lv\/ru\/wp-json\/wp\/v2\/media\/62022"}],"wp:attachment":[{"href":"https:\/\/rezekne.citro.lv\/ru\/wp-json\/wp\/v2\/media?parent=61954"}],"wp:term":[{"taxonomy":"product_cat","embeddable":true,"href":"https:\/\/rezekne.citro.lv\/ru\/wp-json\/wp\/v2\/product_cat?post=61954"},{"taxonomy":"product_tag","embeddable":true,"href":"https:\/\/rezekne.citro.lv\/ru\/wp-json\/wp\/v2\/product_tag?post=61954"}],"curies":[{"name":"wp","href":"https:\/\/api.w.org\/{rel}","templated":true}]}}