{"id":61955,"date":"2026-03-26T00:01:55","date_gmt":"2026-03-25T22:01:55","guid":{"rendered":"https:\/\/rezekne.citro.lv\/veikals\/siera-tilzites-sk-300g\/"},"modified":"2026-04-06T06:00:08","modified_gmt":"2026-04-06T03:00:08","slug":"siera-tilzites-sk-300g","status":"publish","type":"product","link":"https:\/\/rezekne.citro.lv\/ru\/product\/siera-tilzites-sk-300g\/","title":{"rendered":"SIERA TILZ\u012aTES \u0160\u0136. 300G"},"content":{"rendered":"<p>Izcelsmes valsts: Latvija<\/p>\n","protected":false},"excerpt":{"rendered":"<p>11.30 \u20ac\/KG<\/p>\n","protected":false},"featured_media":62021,"template":"","meta":{"_acf_changed":false,"inline_featured_image":false},"product_cat":[95,224],"product_tag":[],"acf":[],"aioseo_notices":[],"_links":{"self":[{"href":"https:\/\/rezekne.citro.lv\/ru\/wp-json\/wp\/v2\/product\/61955"}],"collection":[{"href":"https:\/\/rezekne.citro.lv\/ru\/wp-json\/wp\/v2\/product"}],"about":[{"href":"https:\/\/rezekne.citro.lv\/ru\/wp-json\/wp\/v2\/types\/product"}],"wp:featuredmedia":[{"embeddable":true,"href":"https:\/\/rezekne.citro.lv\/ru\/wp-json\/wp\/v2\/media\/62021"}],"wp:attachment":[{"href":"https:\/\/rezekne.citro.lv\/ru\/wp-json\/wp\/v2\/media?parent=61955"}],"wp:term":[{"taxonomy":"product_cat","embeddable":true,"href":"https:\/\/rezekne.citro.lv\/ru\/wp-json\/wp\/v2\/product_cat?post=61955"},{"taxonomy":"product_tag","embeddable":true,"href":"https:\/\/rezekne.citro.lv\/ru\/wp-json\/wp\/v2\/product_tag?post=61955"}],"curies":[{"name":"wp","href":"https:\/\/api.w.org\/{rel}","templated":true}]}}